{"id":4298,"date":"2020-12-12T13:56:50","date_gmt":"2020-12-12T12:56:50","guid":{"rendered":"https:\/\/www.sanalala.es\/?page_id=4298"},"modified":"2020-12-12T14:02:20","modified_gmt":"2020-12-12T13:02:20","slug":"contenidos-salud-online","status":"publish","type":"page","link":"https:\/\/www.sanalala.es\/en\/contenidos-salud-online\/","title":{"rendered":"Contenidos de salud online"},"content":{"rendered":"<p>Los <strong>health contents<\/strong> son un elemento esencial para cualquier empresa del \u00e1mbito de la salud que quiera aparecer en los primeros puestos de los buscadores como <strong><a href=\"https:\/\/www.google.es\/search?source=hp&amp;ei=lrHUX4XmLYGwa7Luk9gM&amp;q=contenidos+de+salud&amp;oq=contenidos+de+salud&amp;gs_lcp=CgZwc3ktYWIQAzICCAAyAggAMgYIABAWEB4yBggAEBYQHjIGCAAQFhAeMgYIABAWEB4yBggAEBYQHjIGCAAQFhAeMgYIABAWEB4yBggAEBYQHjoFCAAQsQM6CAgAELEDEIMBOggILhCxAxCDAToFCC4QsQM6CggAELEDEEYQ-QE6BAgAEANQiDxYvGBg_2poAHAAeACAAXSIAY4MkgEEMTcuMpgBAKABAaoBB2d3cy13aXo&amp;sclient=psy-ab&amp;ved=0ahUKEwiFiaqWs8jtAhUB2BoKHTL3BMsQ4dUDCAk&amp;uact=5\">google<\/a><\/strong>. Aumentar el tr\u00e1fico y conseguir m\u00e1s clientes es posible a partir de unos contenidos que ofrezcan valor e informaci\u00f3n de calidad.<\/p>\n\n\n\n<h2 class=\"wp-block-heading\">Contenidos de salud en Espa\u00f1a<\/h2>\n\n\n\n<p>Seg\u00fan datos del Observatorio Nacional de las Telecomunicaciones y la Sociedad de la Informaci\u00f3n, cerca del el 75% de los internautas hacen <strong>b\u00fasquedas online<\/strong> sobre <strong>salud<\/strong> y <strong>bienestar<\/strong>.<\/p>\n\n\n\n<p>Adem\u00e1s, casi la totalidad de las personas utilizan buscadores como <strong>Google<\/strong>, <strong><a href=\"https:\/\/www.bing.com\/search?q=contenidos+de+salud&amp;form=QBLH&amp;sp=-1&amp;ghc=1&amp;pq=contenidos+de+salud&amp;sc=1-19&amp;qs=n&amp;sk=&amp;cvid=8AD2D3644DD84AA28ED08DCA4EABEAD9\">Bing<\/a><\/strong> o <strong><a href=\"https:\/\/es.search.yahoo.com\/search?p=contenidos+de+salud&amp;fr=yfp-t&amp;fp=1&amp;toggle=1&amp;cop=mss&amp;ei=UTF-8\">Yahoo<\/a><\/strong> para encontrar los contenidos y la informaci\u00f3n sobre salud y bienestar que desean consultar.<\/p>\n\n\n\n<h2 class=\"wp-block-heading\">Contenidos de salud con calidad<\/h2>\n\n\n\n<p>Optimizar los contenidos para un buen posicionamiento es necesario. Pero de nada sirve respetar las exigencias t\u00e9cnicas de los buscadores si no se ofrecen <a href=\"https:\/\/www.sanalala.es\/en\/contenidos-de-salud-crecer-internet\/\"><strong>contenidos de calidad<\/strong><\/a> enfocados a los usuarios y al p\u00fablico objetivo. <\/p>\n\n\n\n<h2 class=\"wp-block-heading\">Todo es salud<\/h2>\n\n\n\n<p>Todo tiene que ver con la salud. Seg\u00fan la definici\u00f3n de la <strong><a href=\"https:\/\/www.who.int\/es\/about\/who-we-are\/frequently-asked-questions\">Organizaci\u00f3n Mundial de la Salud<\/a><\/strong> de hace m\u00e1s de 50 a\u00f1os, \u201cSalud es el estado de completo bienestar f\u00edsico, mental y social, y no solamente la ausencia de afecciones o enfermedades\u201d.<\/p>\n\n\n\n<p>De este modo, todo se relaciona de manera directa o indirecta con la salud. A casi todos los servicios y productos se les puede dar un enfoque desde la perspectiva de la salud.<\/p>\n\n\n\n<h2 class=\"wp-block-heading\">Contenidos de salud online para ganar clientes y reputaci\u00f3n<\/h2>\n\n\n\n<p><br>En definitiva, la creaci\u00f3n de contenidos de salud online optimizados y de calidad nos permitir\u00e1n acceder a m\u00e1s p\u00fablico y que nuestra marca crezca en reputaci\u00f3n.<\/p>\n\n\n\n<figure class=\"wp-block-image size-large\"><img loading=\"lazy\" decoding=\"async\" width=\"494\" height=\"645\" src=\"https:\/\/www.sanalala.es\/wp-content\/uploads\/Contenidos-de-salud-Sanalala-2-e1550565402309.png\" alt=\"contenidos de salud online\" class=\"wp-image-3325\" srcset=\"https:\/\/www.sanalala.es\/wp-content\/uploads\/Contenidos-de-salud-Sanalala-2-e1550565402309.png 494w, https:\/\/www.sanalala.es\/wp-content\/uploads\/Contenidos-de-salud-Sanalala-2-e1550565402309-230x300.png 230w\" sizes=\"auto, (max-width: 494px) 100vw, 494px\" \/><\/figure>\n\n\n\n<p><\/p>","protected":false},"excerpt":{"rendered":"<p>Los contenidos de salud son un elemento esencial para cualquier empresa del \u00e1mbito de la salud que quiera aparecer en &#8230; <a title=\"Contenidos de salud online\" class=\"read-more\" href=\"https:\/\/www.sanalala.es\/en\/contenidos-salud-online\/\">Read more...<\/a><\/p>","protected":false},"author":1,"featured_media":0,"parent":0,"menu_order":0,"comment_status":"closed","ping_status":"closed","template":"","meta":{"footnotes":""},"class_list":["post-4298","page","type-page","status-publish"],"yoast_head":"<!-- This site is optimized with the Yoast SEO plugin v26.8 - https:\/\/yoast.com\/product\/yoast-seo-wordpress\/ -->\n<title>Contenidos de salud online | Sanalal\u00e1<\/title>\n<meta name=\"description\" content=\"Los contenidos de salud online optimizados y de calidad son indispensables para un buen posicionamiento en internet y mejorar la reputaci\u00f3n\" \/>\n<meta name=\"robots\" content=\"index, follow, max-snippet:-1, max-image-preview:large, max-video-preview:-1\" \/>\n<link rel=\"canonical\" href=\"https:\/\/www.sanalala.es\/en\/contenidos-salud-online\/\" \/>\n<meta property=\"og:locale\" content=\"en_GB\" \/>\n<meta property=\"og:type\" content=\"article\" \/>\n<meta property=\"og:title\" content=\"Contenidos de salud online | Sanalal\u00e1\" \/>\n<meta property=\"og:description\" content=\"Los contenidos de salud online optimizados y de calidad son indispensables para un buen posicionamiento en internet y mejorar la reputaci\u00f3n\" \/>\n<meta property=\"og:url\" content=\"https:\/\/www.sanalala.es\/en\/contenidos-salud-online\/\" \/>\n<meta property=\"og:site_name\" content=\"Sanalal\u00e1\" \/>\n<meta property=\"article:publisher\" content=\"https:\/\/www.facebook.com\/Sanalal%c3%a1-2099847243626808\/?modal=admin_todo_tour\" \/>\n<meta property=\"article:modified_time\" content=\"2020-12-12T13:02:20+00:00\" \/>\n<meta property=\"og:image\" content=\"https:\/\/www.sanalala.es\/wp-content\/uploads\/Contenidos-de-salud-Sanalala-2-e1550565402309.png\" \/>\n<meta name=\"twitter:card\" content=\"summary_large_image\" \/>\n<meta name=\"twitter:site\" content=\"@Sanalala5\" \/>\n<meta name=\"twitter:label1\" content=\"Estimated reading time\" \/>\n\t<meta name=\"twitter:data1\" content=\"1 minute\" \/>\n<script type=\"application\/ld+json\" class=\"yoast-schema-graph\">{\"@context\":\"https:\/\/schema.org\",\"@graph\":[{\"@type\":\"WebPage\",\"@id\":\"https:\/\/www.sanalala.es\/contenidos-salud-online\/\",\"url\":\"https:\/\/www.sanalala.es\/contenidos-salud-online\/\",\"name\":\"Contenidos de salud online | Sanalal\u00e1\",\"isPartOf\":{\"@id\":\"https:\/\/www.sanalala.es\/#website\"},\"primaryImageOfPage\":{\"@id\":\"https:\/\/www.sanalala.es\/contenidos-salud-online\/#primaryimage\"},\"image\":{\"@id\":\"https:\/\/www.sanalala.es\/contenidos-salud-online\/#primaryimage\"},\"thumbnailUrl\":\"https:\/\/www.sanalala.es\/wp-content\/uploads\/Contenidos-de-salud-Sanalala-2-e1550565402309.png\",\"datePublished\":\"2020-12-12T12:56:50+00:00\",\"dateModified\":\"2020-12-12T13:02:20+00:00\",\"description\":\"Los contenidos de salud online optimizados y de calidad son indispensables para un buen posicionamiento en internet y mejorar la reputaci\u00f3n\",\"breadcrumb\":{\"@id\":\"https:\/\/www.sanalala.es\/contenidos-salud-online\/#breadcrumb\"},\"inLanguage\":\"en-GB\",\"potentialAction\":[{\"@type\":\"ReadAction\",\"target\":[\"https:\/\/www.sanalala.es\/contenidos-salud-online\/\"]}]},{\"@type\":\"ImageObject\",\"inLanguage\":\"en-GB\",\"@id\":\"https:\/\/www.sanalala.es\/contenidos-salud-online\/#primaryimage\",\"url\":\"https:\/\/www.sanalala.es\/wp-content\/uploads\/Contenidos-de-salud-Sanalala-2-e1550565402309.png\",\"contentUrl\":\"https:\/\/www.sanalala.es\/wp-content\/uploads\/Contenidos-de-salud-Sanalala-2-e1550565402309.png\"},{\"@type\":\"BreadcrumbList\",\"@id\":\"https:\/\/www.sanalala.es\/contenidos-salud-online\/#breadcrumb\",\"itemListElement\":[{\"@type\":\"ListItem\",\"position\":1,\"name\":\"Contenidos de salud\",\"item\":\"https:\/\/www.sanalala.es\/\"},{\"@type\":\"ListItem\",\"position\":2,\"name\":\"Contenidos de salud online\"}]},{\"@type\":\"WebSite\",\"@id\":\"https:\/\/www.sanalala.es\/#website\",\"url\":\"https:\/\/www.sanalala.es\/\",\"name\":\"Sanalal\u00e1\",\"description\":\"Contenidos con salud \",\"publisher\":{\"@id\":\"https:\/\/www.sanalala.es\/#organization\"},\"potentialAction\":[{\"@type\":\"SearchAction\",\"target\":{\"@type\":\"EntryPoint\",\"urlTemplate\":\"https:\/\/www.sanalala.es\/?s={search_term_string}\"},\"query-input\":{\"@type\":\"PropertyValueSpecification\",\"valueRequired\":true,\"valueName\":\"search_term_string\"}}],\"inLanguage\":\"en-GB\"},{\"@type\":\"Organization\",\"@id\":\"https:\/\/www.sanalala.es\/#organization\",\"name\":\"Sanalal\u00e1\",\"url\":\"https:\/\/www.sanalala.es\/\",\"logo\":{\"@type\":\"ImageObject\",\"inLanguage\":\"en-GB\",\"@id\":\"https:\/\/www.sanalala.es\/#\/schema\/logo\/image\/\",\"url\":\"https:\/\/www.sanalala.es\/wp-content\/uploads\/Logo-3D-doble.png\",\"contentUrl\":\"https:\/\/www.sanalala.es\/wp-content\/uploads\/Logo-3D-doble.png\",\"width\":1426,\"height\":750,\"caption\":\"Sanalal\u00e1\"},\"image\":{\"@id\":\"https:\/\/www.sanalala.es\/#\/schema\/logo\/image\/\"},\"sameAs\":[\"https:\/\/www.facebook.com\/Sanalal\u00e1-2099847243626808\/?modal=admin_todo_tour\",\"https:\/\/x.com\/Sanalala5\",\"https:\/\/www.pinterest.es\/sanalalasalud\/\"]}]}<\/script>\n<!-- \/ Yoast SEO plugin. -->","yoast_head_json":{"title":"Contenidos de salud online | Sanalal\u00e1","description":"Los contenidos de salud online optimizados y de calidad son indispensables para un buen posicionamiento en internet y mejorar la reputaci\u00f3n","robots":{"index":"index","follow":"follow","max-snippet":"max-snippet:-1","max-image-preview":"max-image-preview:large","max-video-preview":"max-video-preview:-1"},"canonical":"https:\/\/www.sanalala.es\/en\/contenidos-salud-online\/","og_locale":"en_GB","og_type":"article","og_title":"Contenidos de salud online | Sanalal\u00e1","og_description":"Los contenidos de salud online optimizados y de calidad son indispensables para un buen posicionamiento en internet y mejorar la reputaci\u00f3n","og_url":"https:\/\/www.sanalala.es\/en\/contenidos-salud-online\/","og_site_name":"Sanalal\u00e1","article_publisher":"https:\/\/www.facebook.com\/Sanalal%c3%a1-2099847243626808\/?modal=admin_todo_tour","article_modified_time":"2020-12-12T13:02:20+00:00","og_image":[{"url":"https:\/\/www.sanalala.es\/wp-content\/uploads\/Contenidos-de-salud-Sanalala-2-e1550565402309.png","type":"","width":"","height":""}],"twitter_card":"summary_large_image","twitter_site":"@Sanalala5","twitter_misc":{"Estimated reading time":"1 minute"},"schema":{"@context":"https:\/\/schema.org","@graph":[{"@type":"WebPage","@id":"https:\/\/www.sanalala.es\/contenidos-salud-online\/","url":"https:\/\/www.sanalala.es\/contenidos-salud-online\/","name":"Contenidos de salud online | Sanalal\u00e1","isPartOf":{"@id":"https:\/\/www.sanalala.es\/#website"},"primaryImageOfPage":{"@id":"https:\/\/www.sanalala.es\/contenidos-salud-online\/#primaryimage"},"image":{"@id":"https:\/\/www.sanalala.es\/contenidos-salud-online\/#primaryimage"},"thumbnailUrl":"https:\/\/www.sanalala.es\/wp-content\/uploads\/Contenidos-de-salud-Sanalala-2-e1550565402309.png","datePublished":"2020-12-12T12:56:50+00:00","dateModified":"2020-12-12T13:02:20+00:00","description":"Los contenidos de salud online optimizados y de calidad son indispensables para un buen posicionamiento en internet y mejorar la reputaci\u00f3n","breadcrumb":{"@id":"https:\/\/www.sanalala.es\/contenidos-salud-online\/#breadcrumb"},"inLanguage":"en-GB","potentialAction":[{"@type":"ReadAction","target":["https:\/\/www.sanalala.es\/contenidos-salud-online\/"]}]},{"@type":"ImageObject","inLanguage":"en-GB","@id":"https:\/\/www.sanalala.es\/contenidos-salud-online\/#primaryimage","url":"https:\/\/www.sanalala.es\/wp-content\/uploads\/Contenidos-de-salud-Sanalala-2-e1550565402309.png","contentUrl":"https:\/\/www.sanalala.es\/wp-content\/uploads\/Contenidos-de-salud-Sanalala-2-e1550565402309.png"},{"@type":"BreadcrumbList","@id":"https:\/\/www.sanalala.es\/contenidos-salud-online\/#breadcrumb","itemListElement":[{"@type":"ListItem","position":1,"name":"Contenidos de salud","item":"https:\/\/www.sanalala.es\/"},{"@type":"ListItem","position":2,"name":"Contenidos de salud online"}]},{"@type":"WebSite","@id":"https:\/\/www.sanalala.es\/#website","url":"https:\/\/www.sanalala.es\/","name":"Sanalala","description":"Contenidos con salud","publisher":{"@id":"https:\/\/www.sanalala.es\/#organization"},"potentialAction":[{"@type":"SearchAction","target":{"@type":"EntryPoint","urlTemplate":"https:\/\/www.sanalala.es\/?s={search_term_string}"},"query-input":{"@type":"PropertyValueSpecification","valueRequired":true,"valueName":"search_term_string"}}],"inLanguage":"en-GB"},{"@type":"Organization","@id":"https:\/\/www.sanalala.es\/#organization","name":"Sanalala","url":"https:\/\/www.sanalala.es\/","logo":{"@type":"ImageObject","inLanguage":"en-GB","@id":"https:\/\/www.sanalala.es\/#\/schema\/logo\/image\/","url":"https:\/\/www.sanalala.es\/wp-content\/uploads\/Logo-3D-doble.png","contentUrl":"https:\/\/www.sanalala.es\/wp-content\/uploads\/Logo-3D-doble.png","width":1426,"height":750,"caption":"Sanalal\u00e1"},"image":{"@id":"https:\/\/www.sanalala.es\/#\/schema\/logo\/image\/"},"sameAs":["https:\/\/www.facebook.com\/Sanalal\u00e1-2099847243626808\/?modal=admin_todo_tour","https:\/\/x.com\/Sanalala5","https:\/\/www.pinterest.es\/sanalalasalud\/"]}]}},"amp_enabled":true,"_links":{"self":[{"href":"https:\/\/www.sanalala.es\/en\/wp-json\/wp\/v2\/pages\/4298","targetHints":{"allow":["GET"]}}],"collection":[{"href":"https:\/\/www.sanalala.es\/en\/wp-json\/wp\/v2\/pages"}],"about":[{"href":"https:\/\/www.sanalala.es\/en\/wp-json\/wp\/v2\/types\/page"}],"author":[{"embeddable":true,"href":"https:\/\/www.sanalala.es\/en\/wp-json\/wp\/v2\/users\/1"}],"replies":[{"embeddable":true,"href":"https:\/\/www.sanalala.es\/en\/wp-json\/wp\/v2\/comments?post=4298"}],"version-history":[{"count":5,"href":"https:\/\/www.sanalala.es\/en\/wp-json\/wp\/v2\/pages\/4298\/revisions"}],"predecessor-version":[{"id":4306,"href":"https:\/\/www.sanalala.es\/en\/wp-json\/wp\/v2\/pages\/4298\/revisions\/4306"}],"wp:attachment":[{"href":"https:\/\/www.sanalala.es\/en\/wp-json\/wp\/v2\/media?parent=4298"}],"curies":[{"name":"wp","href":"https:\/\/api.w.org\/{rel}","templated":true}]}}