{"id":2913,"date":"2019-01-22T23:32:22","date_gmt":"2019-01-22T22:32:22","guid":{"rendered":"https:\/\/www.sanalala.es\/?page_id=2913"},"modified":"2025-11-25T15:37:20","modified_gmt":"2025-11-25T14:37:20","slug":"home","status":"publish","type":"page","link":"https:\/\/www.sanalala.es\/en\/","title":{"rendered":"Home"},"content":{"rendered":"<div id=\"pl-2913\"  class=\"panel-layout\" ><div id=\"pg-2913-0\"  class=\"panel-grid panel-no-style\" ><div id=\"pgc-2913-0-0\"  class=\"panel-grid-cell\" ><div id=\"panel-2913-0-0-0\" class=\"so-panel widget widget_sow-hero panel-first-child panel-last-child extendedwopts-show extendedwopts-desktop widgetopts-SO\" data-index=\"0\" ><div\n\t\t\t\n\t\t\tclass=\"so-widget-sow-hero so-widget-sow-hero-default-bab10860c683-2913 so-widget-fittext-wrapper\"\n\t\t\t data-fit-text-compressor=\"0.85\"\n\t\t>\t\t\t\t<div class=\"sow-slider-base\" style=\"display: none\" tabindex=\"0\">\n\t\t\t\t\t<ul\n\t\t\t\t\tclass=\"sow-slider-images\"\n\t\t\t\t\tdata-settings=\"{&quot;pagination&quot;:true,&quot;speed&quot;:800,&quot;timeout&quot;:5000,&quot;paused&quot;:false,&quot;pause_on_hover&quot;:false,&quot;swipe&quot;:true,&quot;nav_always_show_desktop&quot;:&quot;&quot;,&quot;nav_always_show_mobile&quot;:&quot;&quot;,&quot;breakpoint&quot;:&quot;780px&quot;,&quot;unmute&quot;:false,&quot;anchor&quot;:null}\"\n\t\t\t\t\tstyle=\"min-height: 360px\"\t\t\t\t\tdata-anchor-id=\"\"\n\t\t\t\t>\t\t<li class=\"sow-slider-image\" style=\"visibility: visible;;background-color: #333333\" >\n\t\t\t\t\t<div class=\"sow-slider-image-container\">\n\t\t\t<div class=\"sow-slider-image-wrapper\">\n\t\t\t\t<img loading=\"lazy\" decoding=\"async\" class=\"aligncenter wp-image-358 size-full\" src=\"\/wp-content\/websanalala\/diapohome1.jpg\" alt=\"\" width=\"1348\" height=\"385\" \/>\t\t\t<\/div>\n\t\t<\/div>\n\t\t\t\t<\/li>\n\t\t\t\t<li class=\"sow-slider-image\" style=\"visibility: hidden;;background-color: #333333\" >\n\t\t\t\t\t<div class=\"sow-slider-image-container\">\n\t\t\t<div class=\"sow-slider-image-wrapper\">\n\t\t\t\t<img loading=\"lazy\" decoding=\"async\" class=\"aligncenter wp-image-361 size-full\" src=\"\/wp-content\/websanalala\/diapohome2.jpg\" alt=\"\" width=\"1348\" height=\"385\" \/>\t\t\t<\/div>\n\t\t<\/div>\n\t\t\t\t<\/li>\n\t\t<\/ul>\t\t\t\t<ol class=\"sow-slider-pagination\">\n\t\t\t\t\t\t\t\t\t\t\t<li><a href=\"#\" data-goto=\"0\" aria-label=\"Display slide 1\"><\/a><\/li>\n\t\t\t\t\t\t\t\t\t\t\t<li><a href=\"#\" data-goto=\"1\" aria-label=\"Display slide 2\"><\/a><\/li>\n\t\t\t\t\t\t\t\t\t<\/ol>\n\n\t\t\t\t<div class=\"sow-slide-nav sow-slide-nav-next\">\n\t\t\t\t\t<a href=\"#\" data-goto=\"next\" aria-label=\"Next slide\" data-action=\"next\">\n\t\t\t\t\t\t<em class=\"sow-sld-icon-thin-right\"><\/em>\n\t\t\t\t\t<\/a>\n\t\t\t\t<\/div>\n\n\t\t\t\t<div class=\"sow-slide-nav sow-slide-nav-prev\">\n\t\t\t\t\t<a href=\"#\" data-goto=\"previous\" aria-label=\"Previous slide\" data-action=\"prev\">\n\t\t\t\t\t\t<em class=\"sow-sld-icon-thin-left\"><\/em>\n\t\t\t\t\t<\/a>\n\t\t\t\t<\/div>\n\t\t\t\t<\/div><\/div><\/div><\/div><\/div><div id=\"pg-2913-1\"  class=\"panel-grid panel-no-style\" ><div id=\"pgc-2913-1-0\"  class=\"panel-grid-cell\" ><div id=\"panel-2913-1-0-0\" class=\"so-panel widget widget_sow-hero panel-first-child panel-last-child extendedwopts-show extendedwopts-tablet extendedwopts-mobile widgetopts-SO\" data-index=\"1\" ><div\n\t\t\t\n\t\t\tclass=\"so-widget-sow-hero so-widget-sow-hero-default-e1360e5f3069-2913 so-widget-fittext-wrapper\"\n\t\t\t data-fit-text-compressor=\"0.85\"\n\t\t>\t\t\t\t<div class=\"sow-slider-base\" style=\"display: none\" tabindex=\"0\">\n\t\t\t\t\t<ul\n\t\t\t\t\tclass=\"sow-slider-images\"\n\t\t\t\t\tdata-settings=\"{&quot;pagination&quot;:true,&quot;speed&quot;:800,&quot;timeout&quot;:5000,&quot;paused&quot;:false,&quot;pause_on_hover&quot;:false,&quot;swipe&quot;:true,&quot;nav_always_show_desktop&quot;:&quot;&quot;,&quot;nav_always_show_mobile&quot;:&quot;&quot;,&quot;breakpoint&quot;:&quot;780px&quot;,&quot;unmute&quot;:false,&quot;anchor&quot;:null}\"\n\t\t\t\t\t\t\t\t\t\tdata-anchor-id=\"\"\n\t\t\t\t>\t\t<li class=\"sow-slider-image\" style=\"visibility: visible;;background-color: #333333\" >\n\t\t\t\t\t<div class=\"sow-slider-image-container\">\n\t\t\t<div class=\"sow-slider-image-wrapper\">\n\t\t\t\t<img loading=\"lazy\" decoding=\"async\" class=\"aligncenter wp-image-556 size-full\" src=\"\/wp-content\/websanalala\/diapomovil1.jpg\" alt=\"\" width=\"500\" height=\"600\" \/>\t\t\t<\/div>\n\t\t<\/div>\n\t\t\t\t<\/li>\n\t\t\t\t<li class=\"sow-slider-image\" style=\"visibility: hidden;;background-color: #333333\" >\n\t\t\t\t\t<div class=\"sow-slider-image-container\">\n\t\t\t<div class=\"sow-slider-image-wrapper\">\n\t\t\t\t<img loading=\"lazy\" decoding=\"async\" class=\"aligncenter wp-image-556 size-full\" src=\"\/wp-content\/websanalala\/diapomovil2.jpg\" alt=\"\" width=\"500\" height=\"600\" \/>\t\t\t<\/div>\n\t\t<\/div>\n\t\t\t\t<\/li>\n\t\t<\/ul>\t\t\t\t<ol class=\"sow-slider-pagination\">\n\t\t\t\t\t\t\t\t\t\t\t<li><a href=\"#\" data-goto=\"0\" aria-label=\"Display slide 1\"><\/a><\/li>\n\t\t\t\t\t\t\t\t\t\t\t<li><a href=\"#\" data-goto=\"1\" aria-label=\"Display slide 2\"><\/a><\/li>\n\t\t\t\t\t\t\t\t\t<\/ol>\n\n\t\t\t\t<div class=\"sow-slide-nav sow-slide-nav-next\">\n\t\t\t\t\t<a href=\"#\" data-goto=\"next\" aria-label=\"Next slide\" data-action=\"next\">\n\t\t\t\t\t\t<em class=\"sow-sld-icon-thin-right\"><\/em>\n\t\t\t\t\t<\/a>\n\t\t\t\t<\/div>\n\n\t\t\t\t<div class=\"sow-slide-nav sow-slide-nav-prev\">\n\t\t\t\t\t<a href=\"#\" data-goto=\"previous\" aria-label=\"Previous slide\" data-action=\"prev\">\n\t\t\t\t\t\t<em class=\"sow-sld-icon-thin-left\"><\/em>\n\t\t\t\t\t<\/a>\n\t\t\t\t<\/div>\n\t\t\t\t<\/div><\/div><\/div><\/div><\/div><div id=\"pg-2913-2\"  class=\"panel-grid panel-no-style\" ><div id=\"pgc-2913-2-0\"  class=\"panel-grid-cell\" ><div id=\"panel-2913-2-0-0\" class=\"so-panel widget widget_sow-editor panel-first-child panel-last-child widgetopts-SO\" data-index=\"2\" ><div\n\t\t\t\n\t\t\tclass=\"so-widget-sow-editor so-widget-sow-editor-base\"\n\t\t\t\n\t\t>\n<div class=\"siteorigin-widget-tinymce textwidget\">\n\t<h2 style=\"text-align: center;\">ABOUT US<\/h2>\n<\/div>\n<\/div><\/div><\/div><\/div><div id=\"pg-2913-3\"  class=\"panel-grid panel-no-style\" ><div id=\"pgc-2913-3-0\"  class=\"panel-grid-cell panel-grid-cell-empty\" ><\/div><div id=\"pgc-2913-3-1\"  class=\"panel-grid-cell panel-grid-cell-mobile-last\" ><div id=\"panel-2913-3-1-0\" class=\"so-panel widget widget_sow-editor panel-first-child panel-last-child widgetopts-SO\" data-index=\"3\" ><div\n\t\t\t\n\t\t\tclass=\"so-widget-sow-editor so-widget-sow-editor-base\"\n\t\t\t\n\t\t>\n<div class=\"siteorigin-widget-tinymce textwidget\">\n\t<p style=\"text-align: center;\">Sanalala is a <strong>SEO &amp; GEO Agency<\/strong> specialising in the creation of health content.<\/p>\n<p style=\"text-align: center;\">A good <strong>web positioning<\/strong> is indispensable for all companies and professionals in the health sector, including insurance companies, the food, pharmaceutical and cosmetics industry, but especially for health clinics and surgeries.<\/p>\n<p style=\"text-align: center;\">There are many agencies that produce content, work on search engine positioning, manage digital marketing, social networks and a long etcetera. However, very few of them offer <strong>health contents<\/strong> The quality and rigour that the field of health deserves and adapted to the demands imposed by the irruption of AI.<\/p>\n<p style=\"text-align: center;\"><strong>Sanalala is one of them.<\/strong><\/p>\n<\/div>\n<\/div><\/div><\/div><div id=\"pgc-2913-3-2\"  class=\"panel-grid-cell panel-grid-cell-empty\" ><\/div><\/div><div id=\"pg-2913-4\"  class=\"panel-grid panel-no-style\" ><div id=\"pgc-2913-4-0\"  class=\"panel-grid-cell\" ><div id=\"panel-2913-4-0-0\" class=\"so-panel widget widget_text panel-first-child panel-last-child widgetopts-SO\" data-index=\"4\" >\t\t\t<div class=\"textwidget\"><h2 style=\"text-align: center;\">WHAT WE DO<\/h2>\n<\/div>\n\t\t<\/div><\/div><\/div><div id=\"pg-2913-5\"  class=\"panel-grid panel-no-style\" ><div id=\"pgc-2913-5-0\"  class=\"panel-grid-cell\" ><div id=\"panel-2913-5-0-0\" class=\"so-panel widget widget_sow-editor panel-first-child panel-last-child extendedwopts-show extendedwopts-desktop widgetopts-SO\" data-index=\"5\" ><div\n\t\t\t\n\t\t\tclass=\"so-widget-sow-editor so-widget-sow-editor-base\"\n\t\t\t\n\t\t>\n<div class=\"siteorigin-widget-tinymce textwidget\">\n\t<p style=\"text-align: center;\">Our success is based on a clear definition of <strong>objectives<\/strong> and the implementation of the most appropriate strategy.<\/p>\n<p style=\"text-align: center;\">Optimised health content is the key to any business in the healthcare environment.<br \/>\nOur catalogue of services includes all the modalities of <strong>health contents<\/strong>:<\/p>\n<\/div>\n<\/div><\/div><\/div><\/div><div id=\"pg-2913-6\"  class=\"panel-grid panel-no-style\" ><div id=\"pgc-2913-6-0\"  class=\"panel-grid-cell panel-grid-cell-empty\" ><\/div><div id=\"pgc-2913-6-1\"  class=\"panel-grid-cell panel-grid-cell-mobile-last\" ><div id=\"panel-2913-6-1-0\" class=\"so-panel widget widget_sow-editor panel-first-child panel-last-child widgetopts-SO\" data-index=\"6\" ><div\n\t\t\t\n\t\t\tclass=\"so-widget-sow-editor so-widget-sow-editor-base\"\n\t\t\t\n\t\t>\n<div class=\"siteorigin-widget-tinymce textwidget\">\n\t<p><span style=\"text-align: justify;\"><span style=\"color: #ff0000;\">\u2666<\/span> Content optimised for <strong>web positioning<\/strong> y <strong>SEO &amp; GEO positioning<\/strong>.<\/span><\/p>\n<p><span style=\"color: #ff0000;\">\u2666 <\/span>Current articles on health and wellbeing.<\/p>\n<p><span style=\"color: #ff0000;\">\u2666\u00a0<\/span>Health content and interviews with experts for press and online media.<\/p>\n<p><span style=\"color: #ff0000;\">\u2666\u00a0<\/span>E-books, podcasts and health videos.<\/p>\n<p><span style=\"color: #ff0000;\">\u2666\u00a0<\/span>Up-to-date literature reviews on health issues.<\/p>\n<p><span style=\"color: #ff0000;\">\u2666\u00a0<\/span>Reports on food, pharmaceutical and cosmetic legislation.<\/p>\n<\/div>\n<\/div><\/div><\/div><div id=\"pgc-2913-6-2\"  class=\"panel-grid-cell panel-grid-cell-empty\" ><\/div><\/div><div id=\"pg-2913-7\"  class=\"panel-grid panel-no-style\" ><div id=\"pgc-2913-7-0\"  class=\"panel-grid-cell\" ><div id=\"panel-2913-7-0-0\" class=\"so-panel widget widget_sow-editor panel-first-child panel-last-child widgetopts-SO\" data-index=\"7\" ><div\n\t\t\t\n\t\t\tclass=\"so-widget-sow-editor so-widget-sow-editor-base\"\n\t\t\t\n\t\t>\n<div class=\"siteorigin-widget-tinymce textwidget\">\n\t<div class=\"hide-on-mobile\"><img loading=\"lazy\" decoding=\"async\" class=\"aligncenter wp-image-325 size-full\" src=\"\/wp-content\/websanalala\/planesmensuales.jpg\" alt=\"\" width=\"1348\" height=\"180\" \/><\/div>\n<\/div>\n<\/div><\/div><\/div><\/div><div id=\"pg-2913-8\"  class=\"panel-grid panel-no-style\" ><div id=\"pgc-2913-8-0\"  class=\"panel-grid-cell\" ><div id=\"panel-2913-8-0-0\" class=\"so-panel widget widget_sow-editor panel-first-child panel-last-child widgetopts-SO\" data-index=\"8\" ><div\n\t\t\t\n\t\t\tclass=\"so-widget-sow-editor so-widget-sow-editor-base\"\n\t\t\t\n\t\t>\n<div class=\"siteorigin-widget-tinymce textwidget\">\n\t<div class=\"hide-on-desktop hide-on-tablet\"><img decoding=\"async\" class=\"aligncenter wp-image-325 size-full\" src=\"\/wp-content\/websanalala\/planesmensuales.jpg\" alt=\"\" \/><\/div>\n<\/div>\n<\/div><\/div><\/div><\/div><div id=\"pg-2913-9\"  class=\"panel-grid panel-no-style\" ><div id=\"pgc-2913-9-0\"  class=\"panel-grid-cell\" ><div id=\"panel-2913-9-0-0\" class=\"so-panel widget widget_sow-editor panel-first-child panel-last-child widgetopts-SO\" data-index=\"9\" ><div\n\t\t\t\n\t\t\tclass=\"so-widget-sow-editor so-widget-sow-editor-base\"\n\t\t\t\n\t\t>\n<div class=\"siteorigin-widget-tinymce textwidget\">\n\t<h4 style=\"text-align: left;\">Unique SEO<\/h4>\n<h2 style=\"text-align: left;\"><img loading=\"lazy\" decoding=\"async\" class=\"alignnone size-full wp-image-209\" src=\"https:\/\/www.sanalala.es\/wp-content\/uploads\/barraroja200x1.jpg\" alt=\"\" width=\"200\" height=\"1\" \/><\/h2>\n<p style=\"text-align: left;\"><span style=\"color: #ff0000;\">\u2666<\/span> 1 original health content.<br \/>\n<span style=\"color: #ff0000;\">\u2666<\/span> SEO optimisation.<br \/>\n<span style=\"color: #ff0000;\">\u2666<\/span> RRSS dissemination.<br \/>\n<strong>195\u20ac\u00a0<\/strong><\/p>\n<\/div>\n<\/div><\/div><\/div><div id=\"pgc-2913-9-1\"  class=\"panel-grid-cell\" ><div id=\"panel-2913-9-1-0\" class=\"so-panel widget widget_sow-editor panel-first-child panel-last-child widgetopts-SO\" data-index=\"10\" ><div\n\t\t\t\n\t\t\tclass=\"so-widget-sow-editor so-widget-sow-editor-base\"\n\t\t\t\n\t\t>\n<div class=\"siteorigin-widget-tinymce textwidget\">\n\t<h4 style=\"text-align: left;\">Basic SEO<\/h4>\n<h2 style=\"text-align: left;\"><img loading=\"lazy\" decoding=\"async\" class=\"alignnone size-full wp-image-209\" src=\"https:\/\/www.sanalala.es\/wp-content\/uploads\/barraroja200x1.jpg\" alt=\"\" width=\"200\" height=\"1\" \/><\/h2>\n<p><span style=\"color: #ff0000;\">\u2666<\/span> Strategy and planning.<br \/>\n<span style=\"color: #ff0000;\">\u2666<\/span> 2 contents.<br \/>\n<span style=\"color: #ff0000;\">\u2666<\/span> SEO optimisation.<br \/>\n<span style=\"color: #ff0000;\">\u2666<\/span> RRSS dissemination.<br \/>\n<strong>345 PER MONTH<\/strong><\/p>\n<\/div>\n<\/div><\/div><\/div><div id=\"pgc-2913-9-2\"  class=\"panel-grid-cell\" ><div id=\"panel-2913-9-2-0\" class=\"so-panel widget widget_sow-editor panel-first-child panel-last-child widgetopts-SO\" data-index=\"11\" ><div\n\t\t\t\n\t\t\tclass=\"so-widget-sow-editor so-widget-sow-editor-base\"\n\t\t\t\n\t\t>\n<div class=\"siteorigin-widget-tinymce textwidget\">\n\t<h4 style=\"text-align: left;\">Optimal SEO<\/h4>\n<h2 style=\"text-align: left;\"><img loading=\"lazy\" decoding=\"async\" class=\"alignnone size-full wp-image-209\" src=\"https:\/\/www.sanalala.es\/wp-content\/uploads\/barraroja200x1.jpg\" alt=\"\" width=\"200\" height=\"1\" \/><\/h2>\n<p style=\"text-align: left;\"><span style=\"color: #ff0000;\">\u2666<\/span> Strategy and planning.<br \/>\n<span style=\"color: #ff0000;\">\u2666<\/span> 4 contents.<br \/>\n<span style=\"color: #ff0000;\">\u2666<\/span> SEO optimisation.<br \/>\n<span style=\"color: #ff0000;\">\u2666<\/span> RRSS dissemination.<br \/>\n<strong>595 PER MONTH<\/strong><\/p>\n<\/div>\n<\/div><\/div><\/div><div id=\"pgc-2913-9-3\"  class=\"panel-grid-cell\" ><div id=\"panel-2913-9-3-0\" class=\"so-panel widget widget_sow-editor panel-first-child panel-last-child widgetopts-SO\" data-index=\"12\" ><div\n\t\t\t\n\t\t\tclass=\"so-widget-sow-editor so-widget-sow-editor-base\"\n\t\t\t\n\t\t>\n<div class=\"siteorigin-widget-tinymce textwidget\">\n\t<h4 style=\"text-align: left;\">Premium SEO<\/h4>\n<h2 style=\"text-align: left;\"><img loading=\"lazy\" decoding=\"async\" class=\"alignnone size-full wp-image-209\" src=\"https:\/\/www.sanalala.es\/wp-content\/uploads\/barraroja200x1.jpg\" alt=\"\" width=\"200\" height=\"1\" \/><\/h2>\n<p style=\"text-align: left;\"><span style=\"color: #ff0000;\">\u2666<\/span> Strategy and planning.<br \/>\n<span style=\"color: #ff0000;\">\u2666<\/span> 8 contents.<br \/>\n<span style=\"color: #ff0000;\">\u2666<\/span> SEO optimisation.<br \/>\n<span style=\"color: #ff0000;\">\u2666<\/span> RRSS dissemination.<br \/>\n<strong>995 PER MONTH<\/strong><\/p>\n<\/div>\n<\/div><\/div><\/div><div id=\"pgc-2913-9-4\"  class=\"panel-grid-cell\" ><div id=\"panel-2913-9-4-0\" class=\"so-panel widget widget_sow-editor panel-first-child panel-last-child widgetopts-SO\" data-index=\"13\" ><div\n\t\t\t\n\t\t\tclass=\"so-widget-sow-editor so-widget-sow-editor-base\"\n\t\t\t\n\t\t>\n<div class=\"siteorigin-widget-tinymce textwidget\">\n\t<h4 style=\"text-align: left;\">Tailor-made SEO<\/h4>\n<h2 style=\"text-align: left;\"><img loading=\"lazy\" decoding=\"async\" class=\"alignnone size-full wp-image-209\" src=\"https:\/\/www.sanalala.es\/wp-content\/uploads\/barraroja200x1.jpg\" alt=\"\" width=\"200\" height=\"1\" \/><\/h2>\n<p style=\"text-align: left;\"><span style=\"color: #ff0000;\">\u2666<\/span> Tell us what your needs are and we will design a tailor-made plan for you.<\/p>\n<\/div>\n<\/div><\/div><\/div><\/div><\/div>","protected":false},"excerpt":{"rendered":"<p>SOBRE NOSOTROS Sanalal\u00e1 es una Agencia SEO &amp; GEO especializada en la creaci\u00f3n de contenidos de salud. Un buen posicionamiento &#8230; <a title=\"Home\" class=\"read-more\" href=\"https:\/\/www.sanalala.es\/en\/\">Read more...<\/a><\/p>","protected":false},"author":1,"featured_media":0,"parent":0,"menu_order":0,"comment_status":"closed","ping_status":"closed","template":"","meta":{"footnotes":""},"class_list":["post-2913","page","type-page","status-publish"],"yoast_head":"<!-- This site is optimized with the Yoast SEO plugin v26.8 - https:\/\/yoast.com\/product\/yoast-seo-wordpress\/ -->\n<title>Sanalal\u00e1 | Contenidos con salud<\/title>\n<meta name=\"description\" content=\"Sanalal\u00e1 es una agencia especializada en la creaci\u00f3n de contenidos de salud. El posicionamiento SEO y el rigor en los temas de salud son nuestras claves.\" \/>\n<meta name=\"robots\" content=\"index, follow, max-snippet:-1, max-image-preview:large, max-video-preview:-1\" \/>\n<link rel=\"canonical\" href=\"https:\/\/www.sanalala.es\/en\/\" \/>\n<meta property=\"og:locale\" content=\"en_GB\" \/>\n<meta property=\"og:type\" content=\"article\" \/>\n<meta property=\"og:title\" content=\"Sanalal\u00e1 | Contenidos con salud\" \/>\n<meta property=\"og:description\" content=\"Sanalal\u00e1 es una agencia especializada en la creaci\u00f3n de contenidos de salud. El posicionamiento SEO y el rigor en los temas de salud son nuestras claves.\" \/>\n<meta property=\"og:url\" content=\"https:\/\/www.sanalala.es\/en\/\" \/>\n<meta property=\"og:site_name\" content=\"Sanalal\u00e1\" \/>\n<meta property=\"article:publisher\" content=\"https:\/\/www.facebook.com\/Sanalal%c3%a1-2099847243626808\/?modal=admin_todo_tour\" \/>\n<meta property=\"article:modified_time\" content=\"2025-11-25T14:37:20+00:00\" \/>\n<meta property=\"og:image\" content=\"https:\/\/www.sanalala.es\/wp-content\/uploads\/barraroja200x1.jpg\" \/>\n<meta name=\"twitter:card\" content=\"summary_large_image\" \/>\n<meta name=\"twitter:site\" content=\"@Sanalala5\" \/>\n<meta name=\"twitter:label1\" content=\"Estimated reading time\" \/>\n\t<meta name=\"twitter:data1\" content=\"4 minutes\" \/>\n<script type=\"application\/ld+json\" class=\"yoast-schema-graph\">{\"@context\":\"https:\/\/schema.org\",\"@graph\":[{\"@type\":\"WebPage\",\"@id\":\"https:\/\/www.sanalala.es\/\",\"url\":\"https:\/\/www.sanalala.es\/\",\"name\":\"Sanalal\u00e1 | Contenidos con salud\",\"isPartOf\":{\"@id\":\"https:\/\/www.sanalala.es\/#website\"},\"primaryImageOfPage\":{\"@id\":\"https:\/\/www.sanalala.es\/#primaryimage\"},\"image\":{\"@id\":\"https:\/\/www.sanalala.es\/#primaryimage\"},\"thumbnailUrl\":\"https:\/\/www.sanalala.es\/wp-content\/uploads\/barraroja200x1.jpg\",\"datePublished\":\"2019-01-22T22:32:22+00:00\",\"dateModified\":\"2025-11-25T14:37:20+00:00\",\"description\":\"Sanalal\u00e1 es una agencia especializada en la creaci\u00f3n de contenidos de salud. El posicionamiento SEO y el rigor en los temas de salud son nuestras claves.\",\"breadcrumb\":{\"@id\":\"https:\/\/www.sanalala.es\/#breadcrumb\"},\"inLanguage\":\"en-GB\",\"potentialAction\":[{\"@type\":\"ReadAction\",\"target\":[\"https:\/\/www.sanalala.es\/\"]}]},{\"@type\":\"ImageObject\",\"inLanguage\":\"en-GB\",\"@id\":\"https:\/\/www.sanalala.es\/#primaryimage\",\"url\":\"https:\/\/www.sanalala.es\/wp-content\/uploads\/barraroja200x1.jpg\",\"contentUrl\":\"https:\/\/www.sanalala.es\/wp-content\/uploads\/barraroja200x1.jpg\"},{\"@type\":\"BreadcrumbList\",\"@id\":\"https:\/\/www.sanalala.es\/#breadcrumb\",\"itemListElement\":[{\"@type\":\"ListItem\",\"position\":1,\"name\":\"Contenidos de salud\",\"item\":\"https:\/\/www.sanalala.es\/\"},{\"@type\":\"ListItem\",\"position\":2,\"name\":\"Home\"}]},{\"@type\":\"WebSite\",\"@id\":\"https:\/\/www.sanalala.es\/#website\",\"url\":\"https:\/\/www.sanalala.es\/\",\"name\":\"Sanalal\u00e1\",\"description\":\"Contenidos con salud \",\"publisher\":{\"@id\":\"https:\/\/www.sanalala.es\/#organization\"},\"potentialAction\":[{\"@type\":\"SearchAction\",\"target\":{\"@type\":\"EntryPoint\",\"urlTemplate\":\"https:\/\/www.sanalala.es\/?s={search_term_string}\"},\"query-input\":{\"@type\":\"PropertyValueSpecification\",\"valueRequired\":true,\"valueName\":\"search_term_string\"}}],\"inLanguage\":\"en-GB\"},{\"@type\":\"Organization\",\"@id\":\"https:\/\/www.sanalala.es\/#organization\",\"name\":\"Sanalal\u00e1\",\"url\":\"https:\/\/www.sanalala.es\/\",\"logo\":{\"@type\":\"ImageObject\",\"inLanguage\":\"en-GB\",\"@id\":\"https:\/\/www.sanalala.es\/#\/schema\/logo\/image\/\",\"url\":\"https:\/\/www.sanalala.es\/wp-content\/uploads\/Logo-3D-doble.png\",\"contentUrl\":\"https:\/\/www.sanalala.es\/wp-content\/uploads\/Logo-3D-doble.png\",\"width\":1426,\"height\":750,\"caption\":\"Sanalal\u00e1\"},\"image\":{\"@id\":\"https:\/\/www.sanalala.es\/#\/schema\/logo\/image\/\"},\"sameAs\":[\"https:\/\/www.facebook.com\/Sanalal\u00e1-2099847243626808\/?modal=admin_todo_tour\",\"https:\/\/x.com\/Sanalala5\",\"https:\/\/www.pinterest.es\/sanalalasalud\/\"]}]}<\/script>\n<!-- \/ Yoast SEO plugin. -->","yoast_head_json":{"title":"Sanalal\u00e1 | Contenidos con salud","description":"Sanalal\u00e1 es una agencia especializada en la creaci\u00f3n de contenidos de salud. El posicionamiento SEO y el rigor en los temas de salud son nuestras claves.","robots":{"index":"index","follow":"follow","max-snippet":"max-snippet:-1","max-image-preview":"max-image-preview:large","max-video-preview":"max-video-preview:-1"},"canonical":"https:\/\/www.sanalala.es\/en\/","og_locale":"en_GB","og_type":"article","og_title":"Sanalal\u00e1 | Contenidos con salud","og_description":"Sanalal\u00e1 es una agencia especializada en la creaci\u00f3n de contenidos de salud. El posicionamiento SEO y el rigor en los temas de salud son nuestras claves.","og_url":"https:\/\/www.sanalala.es\/en\/","og_site_name":"Sanalal\u00e1","article_publisher":"https:\/\/www.facebook.com\/Sanalal%c3%a1-2099847243626808\/?modal=admin_todo_tour","article_modified_time":"2025-11-25T14:37:20+00:00","og_image":[{"url":"https:\/\/www.sanalala.es\/wp-content\/uploads\/barraroja200x1.jpg","type":"","width":"","height":""}],"twitter_card":"summary_large_image","twitter_site":"@Sanalala5","twitter_misc":{"Estimated reading time":"4 minutes"},"schema":{"@context":"https:\/\/schema.org","@graph":[{"@type":"WebPage","@id":"https:\/\/www.sanalala.es\/","url":"https:\/\/www.sanalala.es\/","name":"Sanalal\u00e1 | Contenidos con salud","isPartOf":{"@id":"https:\/\/www.sanalala.es\/#website"},"primaryImageOfPage":{"@id":"https:\/\/www.sanalala.es\/#primaryimage"},"image":{"@id":"https:\/\/www.sanalala.es\/#primaryimage"},"thumbnailUrl":"https:\/\/www.sanalala.es\/wp-content\/uploads\/barraroja200x1.jpg","datePublished":"2019-01-22T22:32:22+00:00","dateModified":"2025-11-25T14:37:20+00:00","description":"Sanalal\u00e1 es una agencia especializada en la creaci\u00f3n de contenidos de salud. El posicionamiento SEO y el rigor en los temas de salud son nuestras claves.","breadcrumb":{"@id":"https:\/\/www.sanalala.es\/#breadcrumb"},"inLanguage":"en-GB","potentialAction":[{"@type":"ReadAction","target":["https:\/\/www.sanalala.es\/"]}]},{"@type":"ImageObject","inLanguage":"en-GB","@id":"https:\/\/www.sanalala.es\/#primaryimage","url":"https:\/\/www.sanalala.es\/wp-content\/uploads\/barraroja200x1.jpg","contentUrl":"https:\/\/www.sanalala.es\/wp-content\/uploads\/barraroja200x1.jpg"},{"@type":"BreadcrumbList","@id":"https:\/\/www.sanalala.es\/#breadcrumb","itemListElement":[{"@type":"ListItem","position":1,"name":"Contenidos de salud","item":"https:\/\/www.sanalala.es\/"},{"@type":"ListItem","position":2,"name":"Home"}]},{"@type":"WebSite","@id":"https:\/\/www.sanalala.es\/#website","url":"https:\/\/www.sanalala.es\/","name":"Sanalala","description":"Contenidos con salud","publisher":{"@id":"https:\/\/www.sanalala.es\/#organization"},"potentialAction":[{"@type":"SearchAction","target":{"@type":"EntryPoint","urlTemplate":"https:\/\/www.sanalala.es\/?s={search_term_string}"},"query-input":{"@type":"PropertyValueSpecification","valueRequired":true,"valueName":"search_term_string"}}],"inLanguage":"en-GB"},{"@type":"Organization","@id":"https:\/\/www.sanalala.es\/#organization","name":"Sanalala","url":"https:\/\/www.sanalala.es\/","logo":{"@type":"ImageObject","inLanguage":"en-GB","@id":"https:\/\/www.sanalala.es\/#\/schema\/logo\/image\/","url":"https:\/\/www.sanalala.es\/wp-content\/uploads\/Logo-3D-doble.png","contentUrl":"https:\/\/www.sanalala.es\/wp-content\/uploads\/Logo-3D-doble.png","width":1426,"height":750,"caption":"Sanalal\u00e1"},"image":{"@id":"https:\/\/www.sanalala.es\/#\/schema\/logo\/image\/"},"sameAs":["https:\/\/www.facebook.com\/Sanalal\u00e1-2099847243626808\/?modal=admin_todo_tour","https:\/\/x.com\/Sanalala5","https:\/\/www.pinterest.es\/sanalalasalud\/"]}]}},"amp_enabled":false,"_links":{"self":[{"href":"https:\/\/www.sanalala.es\/en\/wp-json\/wp\/v2\/pages\/2913","targetHints":{"allow":["GET"]}}],"collection":[{"href":"https:\/\/www.sanalala.es\/en\/wp-json\/wp\/v2\/pages"}],"about":[{"href":"https:\/\/www.sanalala.es\/en\/wp-json\/wp\/v2\/types\/page"}],"author":[{"embeddable":true,"href":"https:\/\/www.sanalala.es\/en\/wp-json\/wp\/v2\/users\/1"}],"replies":[{"embeddable":true,"href":"https:\/\/www.sanalala.es\/en\/wp-json\/wp\/v2\/comments?post=2913"}],"version-history":[{"count":67,"href":"https:\/\/www.sanalala.es\/en\/wp-json\/wp\/v2\/pages\/2913\/revisions"}],"predecessor-version":[{"id":4562,"href":"https:\/\/www.sanalala.es\/en\/wp-json\/wp\/v2\/pages\/2913\/revisions\/4562"}],"wp:attachment":[{"href":"https:\/\/www.sanalala.es\/en\/wp-json\/wp\/v2\/media?parent=2913"}],"curies":[{"name":"wp","href":"https:\/\/api.w.org\/{rel}","templated":true}]}}