{"id":1985,"date":"2018-11-28T11:11:28","date_gmt":"2018-11-28T10:11:28","guid":{"rendered":"https:\/\/www.sanalala.es\/?page_id=1985"},"modified":"2018-12-11T10:03:56","modified_gmt":"2018-12-11T09:03:56","slug":"por-que-necesitas-los-contenidos-de-salud-de-sanalala-2","status":"publish","type":"page","link":"https:\/\/www.sanalala.es\/en\/por-que-necesitas-los-contenidos-de-salud-de-sanalala-2\/","title":{"rendered":"Por qu\u00e9 necesitas los contenidos de salud de Sanalal\u00e1"},"content":{"rendered":"<p lang=\"zxx\"><b>Por qu\u00e9 ibas a necesitar los contenidos de salud de Sanalal\u00e1. Seguro que en tu empresa dispones de un equipo de marketing compuesto por profesionales brillantes. \u00bfNo podr\u00edan encargarse ellos de hacer el contenido de salud?<\/b><\/p>\n<p lang=\"zxx\">Podr\u00edan, pero no deber\u00edan hacerlo por dos motivos:<\/p>\n<p lang=\"zxx\">En primer lugar, la creaci\u00f3n de contenidos de salud requiere tiempo y dedicaci\u00f3n. Seguro que tu equipo ya est\u00e1 demasiado ocupado en otros asuntos.<\/p>\n<p lang=\"zxx\">En segundo lugar, seguro que son profesionales brillantes, pero los contenidos de salud requieren de un conocimiento espec\u00edfico sobre temas de salud, epidemiolog\u00eda, estudios cl\u00ednicos, etc. Se trata de un campo muy espec\u00edfico que requiere de unos conocimientos que no abundan en los equipos de marketing.<\/p>\n<p lang=\"zxx\"><b>Cu\u00e1l es el proceso de trabajo de Sanal\u00e1<\/b><\/p>\n<p lang=\"zxx\">El inicio siempre es una <a href=\"https:\/\/www.sanalala.es\/en\/estrategia-de-creacion-de-contenidos-de-salud\/\"><strong>estrategia<\/strong><\/a>.<\/p>\n<p lang=\"zxx\">Cualquier planteamiento de marketing de contenidos de salud debe comenzar con una estrategia. Al menos, con un <strong>calendario de contenidos<\/strong>. A partir de ah\u00ed, nos ponemos a trabajar para crear el mejor contenido de salud posible. Optimizado y adaptado a las caracter\u00edsticas de cada caso. Tras la aprobaci\u00f3n por parte del cliente, llega el momento de la difusi\u00f3n. Se ponen en pr\u00e1ctica las mejores t\u00e1cticas para la\u00a0 <a href=\"https:\/\/www.sanalala.es\/en\/difusion-de-contenidos-de-salud\/\"><strong>difusi\u00f3n del contenido<\/strong><\/a>. Al final del proceso, llega la <a href=\"https:\/\/www.sanalala.es\/en\/analitica-contenidos-de-salud\/\"><strong>anal\u00edtica<\/strong><\/a> y revisi\u00f3n de los m\u00e9todos para modificar aquellos que tienen margen de mejora.<\/p>\n<p lang=\"zxx\">Cada <a href=\"https:\/\/www.sanalala.es\/en\/sanalala\/\"><strong>proceso de creaci\u00f3n de contenidos<\/strong><\/a> de salud es \u00fanico, aunque existen unas bases que siempre se repiten: metodolog\u00eda, evidencia y calidad.<\/p>\n<p lang=\"zxx\">En Sanalal\u00e1 creamos contenidos con buena salud.<\/p>","protected":false},"excerpt":{"rendered":"<p>Por qu\u00e9 ibas a necesitar los contenidos de salud de Sanalal\u00e1. Seguro que en tu empresa dispones de un equipo &#8230; <a title=\"Por qu\u00e9 necesitas los contenidos de salud de Sanalal\u00e1\" class=\"read-more\" href=\"https:\/\/www.sanalala.es\/en\/por-que-necesitas-los-contenidos-de-salud-de-sanalala-2\/\">Read more...<\/a><\/p>","protected":false},"author":1,"featured_media":0,"parent":0,"menu_order":0,"comment_status":"closed","ping_status":"closed","template":"","meta":{"footnotes":""},"class_list":["post-1985","page","type-page","status-publish"],"yoast_head":"<!-- This site is optimized with the Yoast SEO plugin v26.8 - https:\/\/yoast.com\/product\/yoast-seo-wordpress\/ -->\n<title>Por qu\u00e9 necesitas los contenidos de salud de Sanalal\u00e1 | Conoce | Sanalal\u00e1<\/title>\n<meta name=\"description\" content=\"Los contenidos de salud de Sanalal\u00e1 son contenidos basados en objetivos y que se basan en la calidad y el rigos. Son contenidos con buena salud.\" \/>\n<meta name=\"robots\" content=\"index, follow, max-snippet:-1, max-image-preview:large, max-video-preview:-1\" \/>\n<link rel=\"canonical\" href=\"https:\/\/www.sanalala.es\/en\/por-que-necesitas-los-contenidos-de-salud-de-sanalala-2\/\" \/>\n<meta property=\"og:locale\" content=\"en_GB\" \/>\n<meta property=\"og:type\" content=\"article\" \/>\n<meta property=\"og:title\" content=\"Por qu\u00e9 necesitas los contenidos de salud de Sanalal\u00e1 | Conoce | Sanalal\u00e1\" \/>\n<meta property=\"og:description\" content=\"Los contenidos de salud de Sanalal\u00e1 son contenidos basados en objetivos y que se basan en la calidad y el rigos. Son contenidos con buena salud.\" \/>\n<meta property=\"og:url\" content=\"https:\/\/www.sanalala.es\/en\/por-que-necesitas-los-contenidos-de-salud-de-sanalala-2\/\" \/>\n<meta property=\"og:site_name\" content=\"Sanalal\u00e1\" \/>\n<meta property=\"article:publisher\" content=\"https:\/\/www.facebook.com\/Sanalal%c3%a1-2099847243626808\/?modal=admin_todo_tour\" \/>\n<meta property=\"article:modified_time\" content=\"2018-12-11T09:03:56+00:00\" \/>\n<meta name=\"twitter:card\" content=\"summary_large_image\" \/>\n<meta name=\"twitter:site\" content=\"@Sanalala5\" \/>\n<meta name=\"twitter:label1\" content=\"Estimated reading time\" \/>\n\t<meta name=\"twitter:data1\" content=\"1 minute\" \/>\n<script type=\"application\/ld+json\" class=\"yoast-schema-graph\">{\"@context\":\"https:\/\/schema.org\",\"@graph\":[{\"@type\":\"WebPage\",\"@id\":\"https:\/\/www.sanalala.es\/por-que-necesitas-los-contenidos-de-salud-de-sanalala-2\/\",\"url\":\"https:\/\/www.sanalala.es\/por-que-necesitas-los-contenidos-de-salud-de-sanalala-2\/\",\"name\":\"Por qu\u00e9 necesitas los contenidos de salud de Sanalal\u00e1 | Conoce | Sanalal\u00e1\",\"isPartOf\":{\"@id\":\"https:\/\/www.sanalala.es\/#website\"},\"datePublished\":\"2018-11-28T10:11:28+00:00\",\"dateModified\":\"2018-12-11T09:03:56+00:00\",\"description\":\"Los contenidos de salud de Sanalal\u00e1 son contenidos basados en objetivos y que se basan en la calidad y el rigos. Son contenidos con buena salud.\",\"breadcrumb\":{\"@id\":\"https:\/\/www.sanalala.es\/por-que-necesitas-los-contenidos-de-salud-de-sanalala-2\/#breadcrumb\"},\"inLanguage\":\"en-GB\",\"potentialAction\":[{\"@type\":\"ReadAction\",\"target\":[\"https:\/\/www.sanalala.es\/por-que-necesitas-los-contenidos-de-salud-de-sanalala-2\/\"]}]},{\"@type\":\"BreadcrumbList\",\"@id\":\"https:\/\/www.sanalala.es\/por-que-necesitas-los-contenidos-de-salud-de-sanalala-2\/#breadcrumb\",\"itemListElement\":[{\"@type\":\"ListItem\",\"position\":1,\"name\":\"Contenidos de salud\",\"item\":\"https:\/\/www.sanalala.es\/\"},{\"@type\":\"ListItem\",\"position\":2,\"name\":\"Por qu\u00e9 necesitas los contenidos de salud de Sanalal\u00e1\"}]},{\"@type\":\"WebSite\",\"@id\":\"https:\/\/www.sanalala.es\/#website\",\"url\":\"https:\/\/www.sanalala.es\/\",\"name\":\"Sanalal\u00e1\",\"description\":\"Contenidos con salud \",\"publisher\":{\"@id\":\"https:\/\/www.sanalala.es\/#organization\"},\"potentialAction\":[{\"@type\":\"SearchAction\",\"target\":{\"@type\":\"EntryPoint\",\"urlTemplate\":\"https:\/\/www.sanalala.es\/?s={search_term_string}\"},\"query-input\":{\"@type\":\"PropertyValueSpecification\",\"valueRequired\":true,\"valueName\":\"search_term_string\"}}],\"inLanguage\":\"en-GB\"},{\"@type\":\"Organization\",\"@id\":\"https:\/\/www.sanalala.es\/#organization\",\"name\":\"Sanalal\u00e1\",\"url\":\"https:\/\/www.sanalala.es\/\",\"logo\":{\"@type\":\"ImageObject\",\"inLanguage\":\"en-GB\",\"@id\":\"https:\/\/www.sanalala.es\/#\/schema\/logo\/image\/\",\"url\":\"https:\/\/www.sanalala.es\/wp-content\/uploads\/Logo-3D-doble.png\",\"contentUrl\":\"https:\/\/www.sanalala.es\/wp-content\/uploads\/Logo-3D-doble.png\",\"width\":1426,\"height\":750,\"caption\":\"Sanalal\u00e1\"},\"image\":{\"@id\":\"https:\/\/www.sanalala.es\/#\/schema\/logo\/image\/\"},\"sameAs\":[\"https:\/\/www.facebook.com\/Sanalal\u00e1-2099847243626808\/?modal=admin_todo_tour\",\"https:\/\/x.com\/Sanalala5\",\"https:\/\/www.pinterest.es\/sanalalasalud\/\"]}]}<\/script>\n<!-- \/ Yoast SEO plugin. -->","yoast_head_json":{"title":"Por qu\u00e9 necesitas los contenidos de salud de Sanalal\u00e1 | Conoce | Sanalal\u00e1","description":"Los contenidos de salud de Sanalal\u00e1 son contenidos basados en objetivos y que se basan en la calidad y el rigos. Son contenidos con buena salud.","robots":{"index":"index","follow":"follow","max-snippet":"max-snippet:-1","max-image-preview":"max-image-preview:large","max-video-preview":"max-video-preview:-1"},"canonical":"https:\/\/www.sanalala.es\/en\/por-que-necesitas-los-contenidos-de-salud-de-sanalala-2\/","og_locale":"en_GB","og_type":"article","og_title":"Por qu\u00e9 necesitas los contenidos de salud de Sanalal\u00e1 | Conoce | Sanalal\u00e1","og_description":"Los contenidos de salud de Sanalal\u00e1 son contenidos basados en objetivos y que se basan en la calidad y el rigos. Son contenidos con buena salud.","og_url":"https:\/\/www.sanalala.es\/en\/por-que-necesitas-los-contenidos-de-salud-de-sanalala-2\/","og_site_name":"Sanalal\u00e1","article_publisher":"https:\/\/www.facebook.com\/Sanalal%c3%a1-2099847243626808\/?modal=admin_todo_tour","article_modified_time":"2018-12-11T09:03:56+00:00","twitter_card":"summary_large_image","twitter_site":"@Sanalala5","twitter_misc":{"Estimated reading time":"1 minute"},"schema":{"@context":"https:\/\/schema.org","@graph":[{"@type":"WebPage","@id":"https:\/\/www.sanalala.es\/por-que-necesitas-los-contenidos-de-salud-de-sanalala-2\/","url":"https:\/\/www.sanalala.es\/por-que-necesitas-los-contenidos-de-salud-de-sanalala-2\/","name":"Por qu\u00e9 necesitas los contenidos de salud de Sanalal\u00e1 | Conoce | Sanalal\u00e1","isPartOf":{"@id":"https:\/\/www.sanalala.es\/#website"},"datePublished":"2018-11-28T10:11:28+00:00","dateModified":"2018-12-11T09:03:56+00:00","description":"Los contenidos de salud de Sanalal\u00e1 son contenidos basados en objetivos y que se basan en la calidad y el rigos. Son contenidos con buena salud.","breadcrumb":{"@id":"https:\/\/www.sanalala.es\/por-que-necesitas-los-contenidos-de-salud-de-sanalala-2\/#breadcrumb"},"inLanguage":"en-GB","potentialAction":[{"@type":"ReadAction","target":["https:\/\/www.sanalala.es\/por-que-necesitas-los-contenidos-de-salud-de-sanalala-2\/"]}]},{"@type":"BreadcrumbList","@id":"https:\/\/www.sanalala.es\/por-que-necesitas-los-contenidos-de-salud-de-sanalala-2\/#breadcrumb","itemListElement":[{"@type":"ListItem","position":1,"name":"Contenidos de salud","item":"https:\/\/www.sanalala.es\/"},{"@type":"ListItem","position":2,"name":"Por qu\u00e9 necesitas los contenidos de salud de Sanalal\u00e1"}]},{"@type":"WebSite","@id":"https:\/\/www.sanalala.es\/#website","url":"https:\/\/www.sanalala.es\/","name":"Sanalala","description":"Contenidos con salud","publisher":{"@id":"https:\/\/www.sanalala.es\/#organization"},"potentialAction":[{"@type":"SearchAction","target":{"@type":"EntryPoint","urlTemplate":"https:\/\/www.sanalala.es\/?s={search_term_string}"},"query-input":{"@type":"PropertyValueSpecification","valueRequired":true,"valueName":"search_term_string"}}],"inLanguage":"en-GB"},{"@type":"Organization","@id":"https:\/\/www.sanalala.es\/#organization","name":"Sanalala","url":"https:\/\/www.sanalala.es\/","logo":{"@type":"ImageObject","inLanguage":"en-GB","@id":"https:\/\/www.sanalala.es\/#\/schema\/logo\/image\/","url":"https:\/\/www.sanalala.es\/wp-content\/uploads\/Logo-3D-doble.png","contentUrl":"https:\/\/www.sanalala.es\/wp-content\/uploads\/Logo-3D-doble.png","width":1426,"height":750,"caption":"Sanalal\u00e1"},"image":{"@id":"https:\/\/www.sanalala.es\/#\/schema\/logo\/image\/"},"sameAs":["https:\/\/www.facebook.com\/Sanalal\u00e1-2099847243626808\/?modal=admin_todo_tour","https:\/\/x.com\/Sanalala5","https:\/\/www.pinterest.es\/sanalalasalud\/"]}]}},"amp_enabled":true,"_links":{"self":[{"href":"https:\/\/www.sanalala.es\/en\/wp-json\/wp\/v2\/pages\/1985","targetHints":{"allow":["GET"]}}],"collection":[{"href":"https:\/\/www.sanalala.es\/en\/wp-json\/wp\/v2\/pages"}],"about":[{"href":"https:\/\/www.sanalala.es\/en\/wp-json\/wp\/v2\/types\/page"}],"author":[{"embeddable":true,"href":"https:\/\/www.sanalala.es\/en\/wp-json\/wp\/v2\/users\/1"}],"replies":[{"embeddable":true,"href":"https:\/\/www.sanalala.es\/en\/wp-json\/wp\/v2\/comments?post=1985"}],"version-history":[{"count":0,"href":"https:\/\/www.sanalala.es\/en\/wp-json\/wp\/v2\/pages\/1985\/revisions"}],"wp:attachment":[{"href":"https:\/\/www.sanalala.es\/en\/wp-json\/wp\/v2\/media?parent=1985"}],"curies":[{"name":"wp","href":"https:\/\/api.w.org\/{rel}","templated":true}]}}