{"id":1948,"date":"2018-11-27T15:18:19","date_gmt":"2018-11-27T14:18:19","guid":{"rendered":"https:\/\/www.sanalala.es\/?page_id=1948"},"modified":"2019-01-31T15:48:24","modified_gmt":"2019-01-31T14:48:24","slug":"branded-content","status":"publish","type":"page","link":"https:\/\/www.sanalala.es\/en\/branded-content\/","title":{"rendered":"Branded Content"},"content":{"rendered":"<p lang=\"zxx\"><b>Convertirse en la referencia para la informaci\u00f3n y las noticias de salud es posible.<\/b><\/p>\n<p lang=\"zxx\">El <strong>branded content<\/strong> o contenido de marca permite conquistar a clientes y usuarios a trav\u00e9s de contenidos de calidad y experiencias de valor.<\/p>\n<p lang=\"zxx\">La creaci\u00f3n de <a href=\"https:\/\/www.sanalala.es\/en\/temas-de-salud\/\"><strong>health contents<\/strong><\/a> de calidad vinculados a una marca no tiene como objetivo simplemente comunicar los beneficios de un producto o servicio. Por el contrario, pretenden transmitir una experiencia a los usuarios y clientes.<\/p>\n<p lang=\"zxx\">Los contenidos de marca de una organizaci\u00f3n vinculada a la salud ofrecen la informaci\u00f3n de expertos y contenidos sobre los temas m\u00e9dicos, de salud y bienestar de mayor actualidad.<\/p>\n<p lang=\"zxx\">Finalmente, los contenidos de marca pueden incluir temas alineados con los objetivos de la empresa y con sus prioridades estrat\u00e9gicas. El objetivo es construir una relaci\u00f3n s\u00f3lida con los usuarios y clientes actuales y los que puedan serlo en el futuro.<\/p>","protected":false},"excerpt":{"rendered":"<p>Convertirse en la referencia para la informaci\u00f3n y las noticias de salud es posible. El branded content o contenido de &#8230; <a title=\"Branded Content\" class=\"read-more\" href=\"https:\/\/www.sanalala.es\/en\/branded-content\/\">Read more...<\/a><\/p>","protected":false},"author":1,"featured_media":0,"parent":0,"menu_order":0,"comment_status":"closed","ping_status":"closed","template":"","meta":{"footnotes":""},"class_list":["post-1948","page","type-page","status-publish"],"yoast_head":"<!-- This site is optimized with the Yoast SEO plugin v26.8 - https:\/\/yoast.com\/product\/yoast-seo-wordpress\/ -->\n<title>Branded content | Servicios | Sanalal\u00e1<\/title>\n<meta name=\"description\" content=\"El branded content o contenido de marca es, principalmente, \u00fatil para el usuario y crea un v\u00ednculo basado en la credibilidad.\" \/>\n<meta name=\"robots\" content=\"index, follow, max-snippet:-1, max-image-preview:large, max-video-preview:-1\" \/>\n<link rel=\"canonical\" href=\"https:\/\/www.sanalala.es\/en\/branded-content\/\" \/>\n<meta property=\"og:locale\" content=\"en_GB\" \/>\n<meta property=\"og:type\" content=\"article\" \/>\n<meta property=\"og:title\" content=\"Branded content | Servicios | Sanalal\u00e1\" \/>\n<meta property=\"og:description\" content=\"El branded content o contenido de marca es, principalmente, \u00fatil para el usuario y crea un v\u00ednculo basado en la credibilidad.\" \/>\n<meta property=\"og:url\" content=\"https:\/\/www.sanalala.es\/en\/branded-content\/\" \/>\n<meta property=\"og:site_name\" content=\"Sanalal\u00e1\" \/>\n<meta property=\"article:publisher\" content=\"https:\/\/www.facebook.com\/Sanalal%c3%a1-2099847243626808\/?modal=admin_todo_tour\" \/>\n<meta property=\"article:modified_time\" content=\"2019-01-31T14:48:24+00:00\" \/>\n<meta name=\"twitter:card\" content=\"summary_large_image\" \/>\n<meta name=\"twitter:site\" content=\"@Sanalala5\" \/>\n<meta name=\"twitter:label1\" content=\"Estimated reading time\" \/>\n\t<meta name=\"twitter:data1\" content=\"1 minute\" \/>\n<script type=\"application\/ld+json\" class=\"yoast-schema-graph\">{\"@context\":\"https:\/\/schema.org\",\"@graph\":[{\"@type\":\"WebPage\",\"@id\":\"https:\/\/www.sanalala.es\/branded-content\/\",\"url\":\"https:\/\/www.sanalala.es\/branded-content\/\",\"name\":\"Branded content | Servicios | Sanalal\u00e1\",\"isPartOf\":{\"@id\":\"https:\/\/www.sanalala.es\/#website\"},\"datePublished\":\"2018-11-27T14:18:19+00:00\",\"dateModified\":\"2019-01-31T14:48:24+00:00\",\"description\":\"El branded content o contenido de marca es, principalmente, \u00fatil para el usuario y crea un v\u00ednculo basado en la credibilidad.\",\"breadcrumb\":{\"@id\":\"https:\/\/www.sanalala.es\/branded-content\/#breadcrumb\"},\"inLanguage\":\"en-GB\",\"potentialAction\":[{\"@type\":\"ReadAction\",\"target\":[\"https:\/\/www.sanalala.es\/branded-content\/\"]}]},{\"@type\":\"BreadcrumbList\",\"@id\":\"https:\/\/www.sanalala.es\/branded-content\/#breadcrumb\",\"itemListElement\":[{\"@type\":\"ListItem\",\"position\":1,\"name\":\"Contenidos de salud\",\"item\":\"https:\/\/www.sanalala.es\/\"},{\"@type\":\"ListItem\",\"position\":2,\"name\":\"Branded Content\"}]},{\"@type\":\"WebSite\",\"@id\":\"https:\/\/www.sanalala.es\/#website\",\"url\":\"https:\/\/www.sanalala.es\/\",\"name\":\"Sanalal\u00e1\",\"description\":\"Contenidos con salud \",\"publisher\":{\"@id\":\"https:\/\/www.sanalala.es\/#organization\"},\"potentialAction\":[{\"@type\":\"SearchAction\",\"target\":{\"@type\":\"EntryPoint\",\"urlTemplate\":\"https:\/\/www.sanalala.es\/?s={search_term_string}\"},\"query-input\":{\"@type\":\"PropertyValueSpecification\",\"valueRequired\":true,\"valueName\":\"search_term_string\"}}],\"inLanguage\":\"en-GB\"},{\"@type\":\"Organization\",\"@id\":\"https:\/\/www.sanalala.es\/#organization\",\"name\":\"Sanalal\u00e1\",\"url\":\"https:\/\/www.sanalala.es\/\",\"logo\":{\"@type\":\"ImageObject\",\"inLanguage\":\"en-GB\",\"@id\":\"https:\/\/www.sanalala.es\/#\/schema\/logo\/image\/\",\"url\":\"https:\/\/www.sanalala.es\/wp-content\/uploads\/Logo-3D-doble.png\",\"contentUrl\":\"https:\/\/www.sanalala.es\/wp-content\/uploads\/Logo-3D-doble.png\",\"width\":1426,\"height\":750,\"caption\":\"Sanalal\u00e1\"},\"image\":{\"@id\":\"https:\/\/www.sanalala.es\/#\/schema\/logo\/image\/\"},\"sameAs\":[\"https:\/\/www.facebook.com\/Sanalal\u00e1-2099847243626808\/?modal=admin_todo_tour\",\"https:\/\/x.com\/Sanalala5\",\"https:\/\/www.pinterest.es\/sanalalasalud\/\"]}]}<\/script>\n<!-- \/ Yoast SEO plugin. -->","yoast_head_json":{"title":"Branded content | Servicios | Sanalal\u00e1","description":"El branded content o contenido de marca es, principalmente, \u00fatil para el usuario y crea un v\u00ednculo basado en la credibilidad.","robots":{"index":"index","follow":"follow","max-snippet":"max-snippet:-1","max-image-preview":"max-image-preview:large","max-video-preview":"max-video-preview:-1"},"canonical":"https:\/\/www.sanalala.es\/en\/branded-content\/","og_locale":"en_GB","og_type":"article","og_title":"Branded content | Servicios | Sanalal\u00e1","og_description":"El branded content o contenido de marca es, principalmente, \u00fatil para el usuario y crea un v\u00ednculo basado en la credibilidad.","og_url":"https:\/\/www.sanalala.es\/en\/branded-content\/","og_site_name":"Sanalal\u00e1","article_publisher":"https:\/\/www.facebook.com\/Sanalal%c3%a1-2099847243626808\/?modal=admin_todo_tour","article_modified_time":"2019-01-31T14:48:24+00:00","twitter_card":"summary_large_image","twitter_site":"@Sanalala5","twitter_misc":{"Estimated reading time":"1 minute"},"schema":{"@context":"https:\/\/schema.org","@graph":[{"@type":"WebPage","@id":"https:\/\/www.sanalala.es\/branded-content\/","url":"https:\/\/www.sanalala.es\/branded-content\/","name":"Branded content | Servicios | Sanalal\u00e1","isPartOf":{"@id":"https:\/\/www.sanalala.es\/#website"},"datePublished":"2018-11-27T14:18:19+00:00","dateModified":"2019-01-31T14:48:24+00:00","description":"El branded content o contenido de marca es, principalmente, \u00fatil para el usuario y crea un v\u00ednculo basado en la credibilidad.","breadcrumb":{"@id":"https:\/\/www.sanalala.es\/branded-content\/#breadcrumb"},"inLanguage":"en-GB","potentialAction":[{"@type":"ReadAction","target":["https:\/\/www.sanalala.es\/branded-content\/"]}]},{"@type":"BreadcrumbList","@id":"https:\/\/www.sanalala.es\/branded-content\/#breadcrumb","itemListElement":[{"@type":"ListItem","position":1,"name":"Contenidos de salud","item":"https:\/\/www.sanalala.es\/"},{"@type":"ListItem","position":2,"name":"Branded Content"}]},{"@type":"WebSite","@id":"https:\/\/www.sanalala.es\/#website","url":"https:\/\/www.sanalala.es\/","name":"Sanalala","description":"Contenidos con salud","publisher":{"@id":"https:\/\/www.sanalala.es\/#organization"},"potentialAction":[{"@type":"SearchAction","target":{"@type":"EntryPoint","urlTemplate":"https:\/\/www.sanalala.es\/?s={search_term_string}"},"query-input":{"@type":"PropertyValueSpecification","valueRequired":true,"valueName":"search_term_string"}}],"inLanguage":"en-GB"},{"@type":"Organization","@id":"https:\/\/www.sanalala.es\/#organization","name":"Sanalala","url":"https:\/\/www.sanalala.es\/","logo":{"@type":"ImageObject","inLanguage":"en-GB","@id":"https:\/\/www.sanalala.es\/#\/schema\/logo\/image\/","url":"https:\/\/www.sanalala.es\/wp-content\/uploads\/Logo-3D-doble.png","contentUrl":"https:\/\/www.sanalala.es\/wp-content\/uploads\/Logo-3D-doble.png","width":1426,"height":750,"caption":"Sanalal\u00e1"},"image":{"@id":"https:\/\/www.sanalala.es\/#\/schema\/logo\/image\/"},"sameAs":["https:\/\/www.facebook.com\/Sanalal\u00e1-2099847243626808\/?modal=admin_todo_tour","https:\/\/x.com\/Sanalala5","https:\/\/www.pinterest.es\/sanalalasalud\/"]}]}},"amp_enabled":true,"_links":{"self":[{"href":"https:\/\/www.sanalala.es\/en\/wp-json\/wp\/v2\/pages\/1948","targetHints":{"allow":["GET"]}}],"collection":[{"href":"https:\/\/www.sanalala.es\/en\/wp-json\/wp\/v2\/pages"}],"about":[{"href":"https:\/\/www.sanalala.es\/en\/wp-json\/wp\/v2\/types\/page"}],"author":[{"embeddable":true,"href":"https:\/\/www.sanalala.es\/en\/wp-json\/wp\/v2\/users\/1"}],"replies":[{"embeddable":true,"href":"https:\/\/www.sanalala.es\/en\/wp-json\/wp\/v2\/comments?post=1948"}],"version-history":[{"count":0,"href":"https:\/\/www.sanalala.es\/en\/wp-json\/wp\/v2\/pages\/1948\/revisions"}],"wp:attachment":[{"href":"https:\/\/www.sanalala.es\/en\/wp-json\/wp\/v2\/media?parent=1948"}],"curies":[{"name":"wp","href":"https:\/\/api.w.org\/{rel}","templated":true}]}}