{"id":17,"date":"2018-03-28T09:21:25","date_gmt":"2018-03-28T08:21:25","guid":{"rendered":"http:\/\/www.sanalala.es\/?page_id=17"},"modified":"2020-02-10T11:29:26","modified_gmt":"2020-02-10T10:29:26","slug":"contacto","status":"publish","type":"page","link":"https:\/\/www.sanalala.es\/en\/contacto\/","title":{"rendered":"Contact Sanalala"},"content":{"rendered":"<div id=\"pl-17\"  class=\"panel-layout\" ><div id=\"pg-17-0\"  class=\"panel-grid panel-no-style\" ><div id=\"pgc-17-0-0\"  class=\"panel-grid-cell panel-grid-cell-empty\" ><\/div><div id=\"pgc-17-0-1\"  class=\"panel-grid-cell panel-grid-cell-mobile-last\" ><div id=\"panel-17-0-1-0\" class=\"so-panel widget widget_sow-editor panel-first-child widgetopts-SO\" data-index=\"0\" ><div\n\t\t\t\n\t\t\tclass=\"so-widget-sow-editor so-widget-sow-editor-base\"\n\t\t\t\n\t\t>\n<div class=\"siteorigin-widget-tinymce textwidget\">\n\t<h2>**At your disposal**<\/h2>\n<p style=\"text-align: justify;\">\u00bfNecesitas posicionarte en buscadores para atraer m\u00e1s visitas a tu web o m\u00e1s pacientes a tu consulta?<\/p>\n<p style=\"text-align: justify;\">Elaboraremos para ti la estrategia SEO m\u00e1s adecuada.<\/p>\n<p>Puedes contactar con nosotros a trav\u00e9s de<\/p>\n<h5 style=\"text-align: center;\"><strong>E-mail:<\/strong> contacto@sanalala.es<\/h5>\n<h5 style=\"text-align: center;\"><strong>**Phone:**<\/strong> +34 637 754 276<\/h5>\n<p>**You can also contact us through the form below.**<\/p>\n<\/div>\n<\/div><\/div><div id=\"panel-17-0-1-1\" class=\"so-panel widget widget_sow-editor panel-last-child widgetopts-SO\" data-index=\"1\" ><div\n\t\t\t\n\t\t\tclass=\"so-widget-sow-editor so-widget-sow-editor-base\"\n\t\t\t\n\t\t>\n<div class=\"siteorigin-widget-tinymce textwidget\">\n\t<div class=\"wpcf7 no-js\" id=\"wpcf7-f723-o1\" lang=\"es-ES\" dir=\"ltr\" data-wpcf7-id=\"723\">\n<div class=\"screen-reader-response\">\n<p role=\"status\" aria-live=\"polite\" aria-atomic=\"true\">\n<ul><\/ul>\n<\/div>\n<form action=\"\/en\/wp-json\/wp\/v2\/pages\/17#wpcf7-f723-o1\" method=\"post\" class=\"wpcf7-form init\" aria-label=\"Formulario de contacto\" novalidate=\"novalidate\" data-status=\"init\" data-trp-original-action=\"\/en\/wp-json\/wp\/v2\/pages\/17#wpcf7-f723-o1\">\n<fieldset class=\"hidden-fields-container\"><input type=\"hidden\" name=\"_wpcf7\" value=\"723\" \/><input type=\"hidden\" name=\"_wpcf7_version\" value=\"6.1.4\" \/><input type=\"hidden\" name=\"_wpcf7_locale\" value=\"es_ES\" \/><input type=\"hidden\" name=\"_wpcf7_unit_tag\" value=\"wpcf7-f723-o1\" \/><input type=\"hidden\" name=\"_wpcf7_container_post\" value=\"0\" \/><input type=\"hidden\" name=\"_wpcf7_posted_data_hash\" value=\"\" \/><br \/>\n<\/fieldset>\n<p><label> Name (required)<br \/>\n<span class=\"wpcf7-form-control-wrap\" data-name=\"your-name\"><input size=\"40\" maxlength=\"400\" class=\"wpcf7-form-control wpcf7-text wpcf7-validates-as-required\" aria-required=\"true\" aria-invalid=\"false\" value=\"\" type=\"text\" name=\"your-name\" \/><\/span> <\/label>\n<\/p>\n<p><label> Your email (required)<br \/>\n<span class=\"wpcf7-form-control-wrap\" data-name=\"your-email\"><input size=\"40\" maxlength=\"400\" class=\"wpcf7-form-control wpcf7-email wpcf7-validates-as-required wpcf7-text wpcf7-validates-as-email\" aria-required=\"true\" aria-invalid=\"false\" value=\"\" type=\"email\" name=\"your-email\" \/><\/span> <\/label>\n<\/p>\n<p><label> Subject<br \/>\n<span class=\"wpcf7-form-control-wrap\" data-name=\"your-subject\"><input size=\"40\" maxlength=\"400\" class=\"wpcf7-form-control wpcf7-text\" aria-invalid=\"false\" value=\"\" type=\"text\" name=\"your-subject\" \/><\/span> <\/label>\n<\/p>\n<p><label> Message<br \/>\n<span class=\"wpcf7-form-control-wrap\" data-name=\"your-message\"><textarea cols=\"40\" rows=\"10\" maxlength=\"2000\" class=\"wpcf7-form-control wpcf7-textarea\" aria-invalid=\"false\" name=\"your-message\"><\/textarea><\/span> <\/label>\n<\/p>\n<p><input class=\"wpcf7-form-control wpcf7-submit has-spinner\" type=\"submit\" value=\"Send\" \/>\n<\/p>\n<div class=\"wpcf7-response-output\" aria-hidden=\"true\"><\/div>\n<input type=\"hidden\" name=\"trp-form-language\" value=\"en\"\/><\/form>\n<\/div>\n<p>**By using the contact form, you accept the** <a href=\"https:\/\/www.sanalala.es\/en\/aviso-legal\/\">**Privacy Policy and Terms of Use**<\/a>.<\/p>\n<\/div>\n<\/div><\/div><\/div><div id=\"pgc-17-0-2\"  class=\"panel-grid-cell panel-grid-cell-empty\" ><\/div><\/div><\/div>","protected":false},"excerpt":{"rendered":"<p>A tu disposici\u00f3n \u00bfNecesitas posicionarte en buscadores para atraer m\u00e1s visitas a tu web o m\u00e1s pacientes a tu consulta? &#8230; <a title=\"Contact Sanalala\" class=\"read-more\" href=\"https:\/\/www.sanalala.es\/en\/contacto\/\">Read more...<\/a><\/p>","protected":false},"author":1,"featured_media":0,"parent":0,"menu_order":0,"comment_status":"closed","ping_status":"closed","template":"","meta":{"footnotes":""},"class_list":["post-17","page","type-page","status-publish"],"yoast_head":"<!-- This site is optimized with the Yoast SEO plugin v26.8 - https:\/\/yoast.com\/product\/yoast-seo-wordpress\/ -->\n<title>Contacta con Sanalal\u00e1 | Sanalal\u00e1<\/title>\n<meta name=\"description\" content=\"Contacta con Sanalal\u00e1: contacta con nosotros y solicita contenidos sobre salud personalizados y basados en las \u00faltimas evidencias.\" \/>\n<meta name=\"robots\" content=\"index, follow, max-snippet:-1, max-image-preview:large, max-video-preview:-1\" \/>\n<link rel=\"canonical\" href=\"https:\/\/www.sanalala.es\/en\/contacto\/\" \/>\n<meta property=\"og:locale\" content=\"en_GB\" \/>\n<meta property=\"og:type\" content=\"article\" \/>\n<meta property=\"og:title\" content=\"Contacta con Sanalal\u00e1 | Sanalal\u00e1\" \/>\n<meta property=\"og:description\" content=\"Contacta con Sanalal\u00e1: contacta con nosotros y solicita contenidos sobre salud personalizados y basados en las \u00faltimas evidencias.\" \/>\n<meta property=\"og:url\" content=\"https:\/\/www.sanalala.es\/en\/contacto\/\" \/>\n<meta property=\"og:site_name\" content=\"Sanalal\u00e1\" \/>\n<meta property=\"article:publisher\" content=\"https:\/\/www.facebook.com\/Sanalal%c3%a1-2099847243626808\/?modal=admin_todo_tour\" \/>\n<meta property=\"article:modified_time\" content=\"2020-02-10T10:29:26+00:00\" \/>\n<meta name=\"twitter:card\" content=\"summary_large_image\" \/>\n<meta name=\"twitter:site\" content=\"@Sanalala5\" \/>\n<script type=\"application\/ld+json\" class=\"yoast-schema-graph\">{\"@context\":\"https:\/\/schema.org\",\"@graph\":[{\"@type\":\"WebPage\",\"@id\":\"https:\/\/www.sanalala.es\/contacto\/\",\"url\":\"https:\/\/www.sanalala.es\/contacto\/\",\"name\":\"Contacta con Sanalal\u00e1 | Sanalal\u00e1\",\"isPartOf\":{\"@id\":\"https:\/\/www.sanalala.es\/#website\"},\"datePublished\":\"2018-03-28T08:21:25+00:00\",\"dateModified\":\"2020-02-10T10:29:26+00:00\",\"description\":\"Contacta con Sanalal\u00e1: contacta con nosotros y solicita contenidos sobre salud personalizados y basados en las \u00faltimas evidencias.\",\"breadcrumb\":{\"@id\":\"https:\/\/www.sanalala.es\/contacto\/#breadcrumb\"},\"inLanguage\":\"en-GB\",\"potentialAction\":[{\"@type\":\"ReadAction\",\"target\":[\"https:\/\/www.sanalala.es\/contacto\/\"]}]},{\"@type\":\"BreadcrumbList\",\"@id\":\"https:\/\/www.sanalala.es\/contacto\/#breadcrumb\",\"itemListElement\":[{\"@type\":\"ListItem\",\"position\":1,\"name\":\"Contenidos de salud\",\"item\":\"https:\/\/www.sanalala.es\/\"},{\"@type\":\"ListItem\",\"position\":2,\"name\":\"Contacta con Sanalal\u00e1\"}]},{\"@type\":\"WebSite\",\"@id\":\"https:\/\/www.sanalala.es\/#website\",\"url\":\"https:\/\/www.sanalala.es\/\",\"name\":\"Sanalal\u00e1\",\"description\":\"Contenidos con salud \",\"publisher\":{\"@id\":\"https:\/\/www.sanalala.es\/#organization\"},\"potentialAction\":[{\"@type\":\"SearchAction\",\"target\":{\"@type\":\"EntryPoint\",\"urlTemplate\":\"https:\/\/www.sanalala.es\/?s={search_term_string}\"},\"query-input\":{\"@type\":\"PropertyValueSpecification\",\"valueRequired\":true,\"valueName\":\"search_term_string\"}}],\"inLanguage\":\"en-GB\"},{\"@type\":\"Organization\",\"@id\":\"https:\/\/www.sanalala.es\/#organization\",\"name\":\"Sanalal\u00e1\",\"url\":\"https:\/\/www.sanalala.es\/\",\"logo\":{\"@type\":\"ImageObject\",\"inLanguage\":\"en-GB\",\"@id\":\"https:\/\/www.sanalala.es\/#\/schema\/logo\/image\/\",\"url\":\"https:\/\/www.sanalala.es\/wp-content\/uploads\/Logo-3D-doble.png\",\"contentUrl\":\"https:\/\/www.sanalala.es\/wp-content\/uploads\/Logo-3D-doble.png\",\"width\":1426,\"height\":750,\"caption\":\"Sanalal\u00e1\"},\"image\":{\"@id\":\"https:\/\/www.sanalala.es\/#\/schema\/logo\/image\/\"},\"sameAs\":[\"https:\/\/www.facebook.com\/Sanalal\u00e1-2099847243626808\/?modal=admin_todo_tour\",\"https:\/\/x.com\/Sanalala5\",\"https:\/\/www.pinterest.es\/sanalalasalud\/\"]}]}<\/script>\n<!-- \/ Yoast SEO plugin. -->","yoast_head_json":{"title":"Contacta con Sanalal\u00e1 | Sanalal\u00e1","description":"Contacta con Sanalal\u00e1: contacta con nosotros y solicita contenidos sobre salud personalizados y basados en las \u00faltimas evidencias.","robots":{"index":"index","follow":"follow","max-snippet":"max-snippet:-1","max-image-preview":"max-image-preview:large","max-video-preview":"max-video-preview:-1"},"canonical":"https:\/\/www.sanalala.es\/en\/contacto\/","og_locale":"en_GB","og_type":"article","og_title":"Contacta con Sanalal\u00e1 | Sanalal\u00e1","og_description":"Contacta con Sanalal\u00e1: contacta con nosotros y solicita contenidos sobre salud personalizados y basados en las \u00faltimas evidencias.","og_url":"https:\/\/www.sanalala.es\/en\/contacto\/","og_site_name":"Sanalal\u00e1","article_publisher":"https:\/\/www.facebook.com\/Sanalal%c3%a1-2099847243626808\/?modal=admin_todo_tour","article_modified_time":"2020-02-10T10:29:26+00:00","twitter_card":"summary_large_image","twitter_site":"@Sanalala5","schema":{"@context":"https:\/\/schema.org","@graph":[{"@type":"WebPage","@id":"https:\/\/www.sanalala.es\/contacto\/","url":"https:\/\/www.sanalala.es\/contacto\/","name":"Contacta con Sanalal\u00e1 | Sanalal\u00e1","isPartOf":{"@id":"https:\/\/www.sanalala.es\/#website"},"datePublished":"2018-03-28T08:21:25+00:00","dateModified":"2020-02-10T10:29:26+00:00","description":"Contacta con Sanalal\u00e1: contacta con nosotros y solicita contenidos sobre salud personalizados y basados en las \u00faltimas evidencias.","breadcrumb":{"@id":"https:\/\/www.sanalala.es\/contacto\/#breadcrumb"},"inLanguage":"en-GB","potentialAction":[{"@type":"ReadAction","target":["https:\/\/www.sanalala.es\/contacto\/"]}]},{"@type":"BreadcrumbList","@id":"https:\/\/www.sanalala.es\/contacto\/#breadcrumb","itemListElement":[{"@type":"ListItem","position":1,"name":"Contenidos de salud","item":"https:\/\/www.sanalala.es\/"},{"@type":"ListItem","position":2,"name":"Contacta con Sanalal\u00e1"}]},{"@type":"WebSite","@id":"https:\/\/www.sanalala.es\/#website","url":"https:\/\/www.sanalala.es\/","name":"Sanalala","description":"Contenidos con salud","publisher":{"@id":"https:\/\/www.sanalala.es\/#organization"},"potentialAction":[{"@type":"SearchAction","target":{"@type":"EntryPoint","urlTemplate":"https:\/\/www.sanalala.es\/?s={search_term_string}"},"query-input":{"@type":"PropertyValueSpecification","valueRequired":true,"valueName":"search_term_string"}}],"inLanguage":"en-GB"},{"@type":"Organization","@id":"https:\/\/www.sanalala.es\/#organization","name":"Sanalala","url":"https:\/\/www.sanalala.es\/","logo":{"@type":"ImageObject","inLanguage":"en-GB","@id":"https:\/\/www.sanalala.es\/#\/schema\/logo\/image\/","url":"https:\/\/www.sanalala.es\/wp-content\/uploads\/Logo-3D-doble.png","contentUrl":"https:\/\/www.sanalala.es\/wp-content\/uploads\/Logo-3D-doble.png","width":1426,"height":750,"caption":"Sanalal\u00e1"},"image":{"@id":"https:\/\/www.sanalala.es\/#\/schema\/logo\/image\/"},"sameAs":["https:\/\/www.facebook.com\/Sanalal\u00e1-2099847243626808\/?modal=admin_todo_tour","https:\/\/x.com\/Sanalala5","https:\/\/www.pinterest.es\/sanalalasalud\/"]}]}},"amp_enabled":true,"_links":{"self":[{"href":"https:\/\/www.sanalala.es\/en\/wp-json\/wp\/v2\/pages\/17","targetHints":{"allow":["GET"]}}],"collection":[{"href":"https:\/\/www.sanalala.es\/en\/wp-json\/wp\/v2\/pages"}],"about":[{"href":"https:\/\/www.sanalala.es\/en\/wp-json\/wp\/v2\/types\/page"}],"author":[{"embeddable":true,"href":"https:\/\/www.sanalala.es\/en\/wp-json\/wp\/v2\/users\/1"}],"replies":[{"embeddable":true,"href":"https:\/\/www.sanalala.es\/en\/wp-json\/wp\/v2\/comments?post=17"}],"version-history":[{"count":3,"href":"https:\/\/www.sanalala.es\/en\/wp-json\/wp\/v2\/pages\/17\/revisions"}],"predecessor-version":[{"id":4170,"href":"https:\/\/www.sanalala.es\/en\/wp-json\/wp\/v2\/pages\/17\/revisions\/4170"}],"wp:attachment":[{"href":"https:\/\/www.sanalala.es\/en\/wp-json\/wp\/v2\/media?parent=17"}],"curies":[{"name":"wp","href":"https:\/\/api.w.org\/{rel}","templated":true}]}}