{"id":1145,"date":"2018-09-24T17:47:24","date_gmt":"2018-09-24T16:47:24","guid":{"rendered":"https:\/\/www.sanalala.es\/?page_id=1145"},"modified":"2020-02-10T11:32:58","modified_gmt":"2020-02-10T10:32:58","slug":"manifiesto-sanalala","status":"publish","type":"page","link":"https:\/\/www.sanalala.es\/en\/manifiesto-sanalala\/","title":{"rendered":"Manifiesto Sanalal\u00e1"},"content":{"rendered":"<ol>\n<li>En Sanalal\u00e1 la <a href=\"https:\/\/www.sanalala.es\/en\/sanalala\/\" target=\"_blank\" rel=\"noopener noreferrer\"><strong>creaci\u00f3n de contenidos de salud<\/strong><\/a> se hace como dios manda. Pero en sentido figurado, claro est\u00e1: no somos creacionistas ni nada parecido, nos basamos en la evidencia. Ya est\u00e1 bien de charlataner\u00eda y de verdades a medias. Por fin unos <strong>health contents<\/strong> con buena salud.<\/li>\n<li>El rigor no est\u00e1 re\u00f1ido con lo ameno. A veces es preciso tomarse ciertas licencias para hacer los temas m\u00e1s atractivos, pero sin desvirtuar la esencia.<\/li>\n<li>En salud la verdad es como en la f\u00edsica cu\u00e1ntica, cuesti\u00f3n de probabilidad. Y s\u00ed, una cosa puede ser saludable y no saludable a la vez (un determinado factor de riesgo puede ser positivo para una enfermedad y negativo para otra). En Sanalal\u00e1 lo sabemos.<\/li>\n<li>No te creas todo (o mejor, casi nada) de lo que leas en internet sobre salud. Y dicho esto, \u00bfpor qu\u00e9 deber\u00edas creerte lo que diga Sanalal\u00e1? Si nos regalas un primer acto de fe ver\u00e1s que la evidencia acabar\u00e1 cayendo delante de ti por su propio peso.<\/li>\n<li>Cada uno se merece la posici\u00f3n que ocupa en Google. No es determinismo social, es la ley b\u00e1sica del SEO. Con una estrategia adecuada, cualquiera puede ser llegar al <strong>n\u00famero 1 en los buscadores<\/strong>. En Sanalal\u00e1 te ayudaremos a conseguirlo.<\/li>\n<li>El saber no ocupa lugar. Si te interesa un tema espec\u00edfico de salud, preg\u00fantanos. Nosotros nos encargamos de revisar las \u00faltimas evidencias y de hacerte un informe personalizado, adaptado para un <strong>p\u00fablico objetivo<\/strong> concreto.<\/li>\n<li>El comer no ocupa lugar. Bueno, en tus michelines, s\u00ed. Solic\u00edtanos una <strong>dieta personalizada<\/strong> o para grupos y haremos que comas mejor y disfrutes de la comida. P\u00eddemos tambi\u00e9n <a href=\"https:\/\/www.sanalala.es\/en\/category\/recetas\/\"><strong>recetas<\/strong><\/a> y recetarios personalizados.<\/li>\n<li>No est\u00e1 claro si Sanalal\u00e1 es la causa o la consecuencia de un tratamiento demasiado efectivo. En cualquier caso, aprov\u00e9chate de que Sanalal\u00e1 no tiene efectos adversos.<\/li>\n<li>La informaci\u00f3n es informaci\u00f3n. Si, adem\u00e1s, es de Sanalal\u00e1, se tratar\u00e1 de informaci\u00f3n \u00fatil. Pero, en ning\u00fan caso debe sustituir la opini\u00f3n ni el diagn\u00f3stico de un <strong>profesional de la salud,<\/strong> si nos referimos a un problema espec\u00edfico de salud.<\/li>\n<li>Atacamos al enemigo (el desconocimiento) por tierra, mar y aire. Por eso nuestra informaci\u00f3n no solo est\u00e1 por escrito, tambi\u00e9n en audio y v\u00eddeo.<\/li>\n<li>Para que esto no sea el t\u00edpico dec\u00e1logo, hemos a\u00f1adido <strong>el punto 11<\/strong>. Nos gusta lo diferente, pero tambi\u00e9n nos gusta que los planes salgan bien. <a href=\"https:\/\/www.sanalala.es\/en\/\"><strong>Sanalala<\/strong><\/a>.<\/li>\n<\/ol>","protected":false},"excerpt":{"rendered":"<p>En Sanalal\u00e1 la creaci\u00f3n de contenidos de salud se hace como dios manda. Pero en sentido figurado, claro est\u00e1: no &#8230; <a title=\"Manifiesto Sanalal\u00e1\" class=\"read-more\" href=\"https:\/\/www.sanalala.es\/en\/manifiesto-sanalala\/\">Read more...<\/a><\/p>","protected":false},"author":1,"featured_media":0,"parent":0,"menu_order":0,"comment_status":"closed","ping_status":"closed","template":"","meta":{"footnotes":""},"class_list":["post-1145","page","type-page","status-publish"],"yoast_head":"<!-- This site is optimized with the Yoast SEO plugin v26.8 - https:\/\/yoast.com\/product\/yoast-seo-wordpress\/ -->\n<title>Manifiesto Sanalal\u00e1 | Sanalal\u00e1<\/title>\n<meta name=\"description\" content=\"Sanalal\u00e1 es una agencia de creaci\u00f3n de contenidos de salud. El manifiesto Sanalal\u00e1 recoge la filosof\u00eda sobre los contenidos de salud en Sanalal\u00e1.\" \/>\n<meta name=\"robots\" content=\"index, follow, max-snippet:-1, max-image-preview:large, max-video-preview:-1\" \/>\n<link rel=\"canonical\" href=\"https:\/\/www.sanalala.es\/en\/manifiesto-sanalala\/\" \/>\n<meta property=\"og:locale\" content=\"en_GB\" \/>\n<meta property=\"og:type\" content=\"article\" \/>\n<meta property=\"og:title\" content=\"Manifiesto Sanalal\u00e1 | Sanalal\u00e1\" \/>\n<meta property=\"og:description\" content=\"Sanalal\u00e1 es una agencia de creaci\u00f3n de contenidos de salud. El manifiesto Sanalal\u00e1 recoge la filosof\u00eda sobre los contenidos de salud en Sanalal\u00e1.\" \/>\n<meta property=\"og:url\" content=\"https:\/\/www.sanalala.es\/en\/manifiesto-sanalala\/\" \/>\n<meta property=\"og:site_name\" content=\"Sanalal\u00e1\" \/>\n<meta property=\"article:publisher\" content=\"https:\/\/www.facebook.com\/Sanalal%c3%a1-2099847243626808\/?modal=admin_todo_tour\" \/>\n<meta property=\"article:modified_time\" content=\"2020-02-10T10:32:58+00:00\" \/>\n<meta name=\"twitter:card\" content=\"summary_large_image\" \/>\n<meta name=\"twitter:site\" content=\"@Sanalala5\" \/>\n<meta name=\"twitter:label1\" content=\"Estimated reading time\" \/>\n\t<meta name=\"twitter:data1\" content=\"2 minutes\" \/>\n<script type=\"application\/ld+json\" class=\"yoast-schema-graph\">{\"@context\":\"https:\/\/schema.org\",\"@graph\":[{\"@type\":\"WebPage\",\"@id\":\"https:\/\/www.sanalala.es\/manifiesto-sanalala\/\",\"url\":\"https:\/\/www.sanalala.es\/manifiesto-sanalala\/\",\"name\":\"Manifiesto Sanalal\u00e1 | Sanalal\u00e1\",\"isPartOf\":{\"@id\":\"https:\/\/www.sanalala.es\/#website\"},\"datePublished\":\"2018-09-24T16:47:24+00:00\",\"dateModified\":\"2020-02-10T10:32:58+00:00\",\"description\":\"Sanalal\u00e1 es una agencia de creaci\u00f3n de contenidos de salud. El manifiesto Sanalal\u00e1 recoge la filosof\u00eda sobre los contenidos de salud en Sanalal\u00e1.\",\"breadcrumb\":{\"@id\":\"https:\/\/www.sanalala.es\/manifiesto-sanalala\/#breadcrumb\"},\"inLanguage\":\"en-GB\",\"potentialAction\":[{\"@type\":\"ReadAction\",\"target\":[\"https:\/\/www.sanalala.es\/manifiesto-sanalala\/\"]}]},{\"@type\":\"BreadcrumbList\",\"@id\":\"https:\/\/www.sanalala.es\/manifiesto-sanalala\/#breadcrumb\",\"itemListElement\":[{\"@type\":\"ListItem\",\"position\":1,\"name\":\"Contenidos de salud\",\"item\":\"https:\/\/www.sanalala.es\/\"},{\"@type\":\"ListItem\",\"position\":2,\"name\":\"Manifiesto Sanalal\u00e1\"}]},{\"@type\":\"WebSite\",\"@id\":\"https:\/\/www.sanalala.es\/#website\",\"url\":\"https:\/\/www.sanalala.es\/\",\"name\":\"Sanalal\u00e1\",\"description\":\"Contenidos con salud \",\"publisher\":{\"@id\":\"https:\/\/www.sanalala.es\/#organization\"},\"potentialAction\":[{\"@type\":\"SearchAction\",\"target\":{\"@type\":\"EntryPoint\",\"urlTemplate\":\"https:\/\/www.sanalala.es\/?s={search_term_string}\"},\"query-input\":{\"@type\":\"PropertyValueSpecification\",\"valueRequired\":true,\"valueName\":\"search_term_string\"}}],\"inLanguage\":\"en-GB\"},{\"@type\":\"Organization\",\"@id\":\"https:\/\/www.sanalala.es\/#organization\",\"name\":\"Sanalal\u00e1\",\"url\":\"https:\/\/www.sanalala.es\/\",\"logo\":{\"@type\":\"ImageObject\",\"inLanguage\":\"en-GB\",\"@id\":\"https:\/\/www.sanalala.es\/#\/schema\/logo\/image\/\",\"url\":\"https:\/\/www.sanalala.es\/wp-content\/uploads\/Logo-3D-doble.png\",\"contentUrl\":\"https:\/\/www.sanalala.es\/wp-content\/uploads\/Logo-3D-doble.png\",\"width\":1426,\"height\":750,\"caption\":\"Sanalal\u00e1\"},\"image\":{\"@id\":\"https:\/\/www.sanalala.es\/#\/schema\/logo\/image\/\"},\"sameAs\":[\"https:\/\/www.facebook.com\/Sanalal\u00e1-2099847243626808\/?modal=admin_todo_tour\",\"https:\/\/x.com\/Sanalala5\",\"https:\/\/www.pinterest.es\/sanalalasalud\/\"]}]}<\/script>\n<!-- \/ Yoast SEO plugin. -->","yoast_head_json":{"title":"Manifiesto Sanalal\u00e1 | Sanalal\u00e1","description":"Sanalal\u00e1 es una agencia de creaci\u00f3n de contenidos de salud. El manifiesto Sanalal\u00e1 recoge la filosof\u00eda sobre los contenidos de salud en Sanalal\u00e1.","robots":{"index":"index","follow":"follow","max-snippet":"max-snippet:-1","max-image-preview":"max-image-preview:large","max-video-preview":"max-video-preview:-1"},"canonical":"https:\/\/www.sanalala.es\/en\/manifiesto-sanalala\/","og_locale":"en_GB","og_type":"article","og_title":"Manifiesto Sanalal\u00e1 | Sanalal\u00e1","og_description":"Sanalal\u00e1 es una agencia de creaci\u00f3n de contenidos de salud. El manifiesto Sanalal\u00e1 recoge la filosof\u00eda sobre los contenidos de salud en Sanalal\u00e1.","og_url":"https:\/\/www.sanalala.es\/en\/manifiesto-sanalala\/","og_site_name":"Sanalal\u00e1","article_publisher":"https:\/\/www.facebook.com\/Sanalal%c3%a1-2099847243626808\/?modal=admin_todo_tour","article_modified_time":"2020-02-10T10:32:58+00:00","twitter_card":"summary_large_image","twitter_site":"@Sanalala5","twitter_misc":{"Estimated reading time":"2 minutes"},"schema":{"@context":"https:\/\/schema.org","@graph":[{"@type":"WebPage","@id":"https:\/\/www.sanalala.es\/manifiesto-sanalala\/","url":"https:\/\/www.sanalala.es\/manifiesto-sanalala\/","name":"Manifiesto Sanalal\u00e1 | Sanalal\u00e1","isPartOf":{"@id":"https:\/\/www.sanalala.es\/#website"},"datePublished":"2018-09-24T16:47:24+00:00","dateModified":"2020-02-10T10:32:58+00:00","description":"Sanalal\u00e1 es una agencia de creaci\u00f3n de contenidos de salud. El manifiesto Sanalal\u00e1 recoge la filosof\u00eda sobre los contenidos de salud en Sanalal\u00e1.","breadcrumb":{"@id":"https:\/\/www.sanalala.es\/manifiesto-sanalala\/#breadcrumb"},"inLanguage":"en-GB","potentialAction":[{"@type":"ReadAction","target":["https:\/\/www.sanalala.es\/manifiesto-sanalala\/"]}]},{"@type":"BreadcrumbList","@id":"https:\/\/www.sanalala.es\/manifiesto-sanalala\/#breadcrumb","itemListElement":[{"@type":"ListItem","position":1,"name":"Contenidos de salud","item":"https:\/\/www.sanalala.es\/"},{"@type":"ListItem","position":2,"name":"Manifiesto Sanalal\u00e1"}]},{"@type":"WebSite","@id":"https:\/\/www.sanalala.es\/#website","url":"https:\/\/www.sanalala.es\/","name":"Sanalala","description":"Contenidos con salud","publisher":{"@id":"https:\/\/www.sanalala.es\/#organization"},"potentialAction":[{"@type":"SearchAction","target":{"@type":"EntryPoint","urlTemplate":"https:\/\/www.sanalala.es\/?s={search_term_string}"},"query-input":{"@type":"PropertyValueSpecification","valueRequired":true,"valueName":"search_term_string"}}],"inLanguage":"en-GB"},{"@type":"Organization","@id":"https:\/\/www.sanalala.es\/#organization","name":"Sanalala","url":"https:\/\/www.sanalala.es\/","logo":{"@type":"ImageObject","inLanguage":"en-GB","@id":"https:\/\/www.sanalala.es\/#\/schema\/logo\/image\/","url":"https:\/\/www.sanalala.es\/wp-content\/uploads\/Logo-3D-doble.png","contentUrl":"https:\/\/www.sanalala.es\/wp-content\/uploads\/Logo-3D-doble.png","width":1426,"height":750,"caption":"Sanalal\u00e1"},"image":{"@id":"https:\/\/www.sanalala.es\/#\/schema\/logo\/image\/"},"sameAs":["https:\/\/www.facebook.com\/Sanalal\u00e1-2099847243626808\/?modal=admin_todo_tour","https:\/\/x.com\/Sanalala5","https:\/\/www.pinterest.es\/sanalalasalud\/"]}]}},"amp_enabled":true,"_links":{"self":[{"href":"https:\/\/www.sanalala.es\/en\/wp-json\/wp\/v2\/pages\/1145","targetHints":{"allow":["GET"]}}],"collection":[{"href":"https:\/\/www.sanalala.es\/en\/wp-json\/wp\/v2\/pages"}],"about":[{"href":"https:\/\/www.sanalala.es\/en\/wp-json\/wp\/v2\/types\/page"}],"author":[{"embeddable":true,"href":"https:\/\/www.sanalala.es\/en\/wp-json\/wp\/v2\/users\/1"}],"replies":[{"embeddable":true,"href":"https:\/\/www.sanalala.es\/en\/wp-json\/wp\/v2\/comments?post=1145"}],"version-history":[{"count":1,"href":"https:\/\/www.sanalala.es\/en\/wp-json\/wp\/v2\/pages\/1145\/revisions"}],"predecessor-version":[{"id":4171,"href":"https:\/\/www.sanalala.es\/en\/wp-json\/wp\/v2\/pages\/1145\/revisions\/4171"}],"wp:attachment":[{"href":"https:\/\/www.sanalala.es\/en\/wp-json\/wp\/v2\/media?parent=1145"}],"curies":[{"name":"wp","href":"https:\/\/api.w.org\/{rel}","templated":true}]}}