{"id":1085,"date":"2018-09-17T14:53:15","date_gmt":"2018-09-17T13:53:15","guid":{"rendered":"https:\/\/www.sanalala.es\/?page_id=1085"},"modified":"2025-11-25T16:08:42","modified_gmt":"2025-11-25T15:08:42","slug":"sanalala","status":"publish","type":"page","link":"https:\/\/www.sanalala.es\/en\/sanalala\/","title":{"rendered":"Health content creation process"},"content":{"rendered":"<p lang=\"zxx\"><strong>At Sanalal\u00e1, the creation of quality health content is key. <\/strong><\/p>\n<p lang=\"zxx\"><strong>There are many target audiences for health content such as industry, health agencies, health\u00a0<\/strong><strong>and other health professionals.<\/strong><\/p>\n<p lang=\"zxx\"><strong>Nowadays, positioning content on the Internet is essential for many companies and professionals. In the field of health, the complexity is twofold, as the technical requirements for good positioning and the rigour required to create quality health content must be met.<\/strong><\/p>\n<p lang=\"zxx\"><img loading=\"lazy\" decoding=\"async\" class=\"wp-image-1254 alignnone\" src=\"https:\/\/www.sanalala.es\/wp-content\/uploads\/contenidos-de-salud-2-compressor.png\" alt=\"contenidos de salud\" width=\"678\" height=\"884\" srcset=\"https:\/\/www.sanalala.es\/wp-content\/uploads\/contenidos-de-salud-2-compressor.png 741w, https:\/\/www.sanalala.es\/wp-content\/uploads\/contenidos-de-salud-2-compressor-230x300.png 230w\" sizes=\"auto, (max-width: 678px) 100vw, 678px\" \/><\/p>\n<p lang=\"zxx\">Nowadays everything has an approach from the perspective of improving wellbeing and health. In Sanalal\u00e1 we find that approach and develop <strong>health contents<\/strong> based on the latest evidence.<\/p>\n<p lang=\"zxx\">The food, cosmetics and pharmaceutical industry, sports trainers, health consultants and clinics, among others, need messages and content to support their products and services.<\/p>\n<p lang=\"zxx\"><strong>Sanalal\u00e1: creation of rigorous, evidence-based health content.<\/strong><\/p>\n<h2 lang=\"zxx\">Catalogue of services:<\/h2>\n<ul>\n<li><a href=\"https:\/\/www.sanalala.es\/en\/temas-de-salud\/\" target=\"_blank\" rel=\"noopener\"><span style=\"color: #0000ff;\"><strong>Health content<\/strong><\/span><\/a> in any format (prevention, treatments, pathologies, etc.).<\/li>\n<li>Health, wellness and disease prevention advice linked to specific products and services.<\/li>\n<li>Articles on current health-related issues.<\/li>\n<li>Media content (including interviews with experts).<\/li>\n<li>Information and content about health for blogs and websites, optimised for SEO and <strong><a href=\"https:\/\/www.sanalala.es\/en\/contenidos-ia\/\">GEO<\/a><\/strong>.<\/li>\n<li>E-books, <a href=\"https:\/\/www.sanalala.es\/en\/category\/podcast\/\" target=\"_blank\" rel=\"noopener\"><strong><span style=\"color: #0000ff;\">podcasts<\/span><\/strong><\/a> and videos on health issues.<\/li>\n<li>Updated bibliographic reviews of the scientific literature on any health topic.<\/li>\n<li>Reports on <a href=\"https:\/\/www.sanalala.es\/en\/category\/industria-alimentaria\/\"><span style=\"color: #0000ff;\"><strong>food law<\/strong><\/span><\/a> and food labelling.<\/li>\n<li><a href=\"https:\/\/www.sanalala.es\/en\/category\/recetas\/\"><strong><span style=\"color: #0000ff;\">Recipes<\/span><\/strong><\/a> and recipe books with nutritional assessment and personalised and group dietary planning.<\/li>\n<li lang=\"zxx\">...<\/li>\n<\/ul>\n<p lang=\"zxx\">If you need to generate <strong>health contents<\/strong> related to your products, treatments or services <b>Sanalala<\/b> is your place.<\/p>\n<p lang=\"zxx\"><span style=\"color: #000080;\"><b><a href=\"https:\/\/www.sanalala.es\/en\/contacto\/\" target=\"_blank\" rel=\"noopener\">Contact Sanalala<\/a>.<\/b><\/span><\/p>\n<p lang=\"zxx\">\n<div class=\"wpcf7 no-js\" id=\"wpcf7-f723-o1\" lang=\"es-ES\" dir=\"ltr\" data-wpcf7-id=\"723\">\n<div class=\"screen-reader-response\"><p role=\"status\" aria-live=\"polite\" aria-atomic=\"true\"><\/p> <ul><\/ul><\/div>\n<form action=\"\/en\/wp-json\/wp\/v2\/pages\/1085#wpcf7-f723-o1\" method=\"post\" class=\"wpcf7-form init\" aria-label=\"Formulario de contacto\" novalidate=\"novalidate\" data-status=\"init\" data-trp-original-action=\"\/en\/wp-json\/wp\/v2\/pages\/1085#wpcf7-f723-o1\">\n<fieldset class=\"hidden-fields-container\"><input type=\"hidden\" name=\"_wpcf7\" value=\"723\" \/><input type=\"hidden\" name=\"_wpcf7_version\" value=\"6.1.4\" \/><input type=\"hidden\" name=\"_wpcf7_locale\" value=\"es_ES\" \/><input type=\"hidden\" name=\"_wpcf7_unit_tag\" value=\"wpcf7-f723-o1\" \/><input type=\"hidden\" name=\"_wpcf7_container_post\" value=\"0\" \/><input type=\"hidden\" name=\"_wpcf7_posted_data_hash\" value=\"\" \/>\n<\/fieldset>\n<p><label> Name (required)<br \/>\n<span class=\"wpcf7-form-control-wrap\" data-name=\"your-name\"><input size=\"40\" maxlength=\"400\" class=\"wpcf7-form-control wpcf7-text wpcf7-validates-as-required\" aria-required=\"true\" aria-invalid=\"false\" value=\"\" type=\"text\" name=\"your-name\" \/><\/span> <\/label>\n<\/p>\n<p><label> Your email (required)<br \/>\n<span class=\"wpcf7-form-control-wrap\" data-name=\"your-email\"><input size=\"40\" maxlength=\"400\" class=\"wpcf7-form-control wpcf7-email wpcf7-validates-as-required wpcf7-text wpcf7-validates-as-email\" aria-required=\"true\" aria-invalid=\"false\" value=\"\" type=\"email\" name=\"your-email\" \/><\/span> <\/label>\n<\/p>\n<p><label> Subject<br \/>\n<span class=\"wpcf7-form-control-wrap\" data-name=\"your-subject\"><input size=\"40\" maxlength=\"400\" class=\"wpcf7-form-control wpcf7-text\" aria-invalid=\"false\" value=\"\" type=\"text\" name=\"your-subject\" \/><\/span> <\/label>\n<\/p>\n<p><label> Message<br \/>\n<span class=\"wpcf7-form-control-wrap\" data-name=\"your-message\"><textarea cols=\"40\" rows=\"10\" maxlength=\"2000\" class=\"wpcf7-form-control wpcf7-textarea\" aria-invalid=\"false\" name=\"your-message\"><\/textarea><\/span> <\/label>\n<\/p>\n<p><input class=\"wpcf7-form-control wpcf7-submit has-spinner\" type=\"submit\" value=\"Send\" \/>\n<\/p><div class=\"wpcf7-response-output\" aria-hidden=\"true\"><\/div>\n<input type=\"hidden\" name=\"trp-form-language\" value=\"en\"\/><\/form>\n<\/div>\n<\/p>","protected":false},"excerpt":{"rendered":"<p>En Sanalal\u00e1 la creaci\u00f3n de contenidos de salud de calidad es la clave. Existen muchos destinatarios de contenidos de salud &#8230; <a title=\"Health content creation process\" class=\"read-more\" href=\"https:\/\/www.sanalala.es\/en\/sanalala\/\">Read more...<\/a><\/p>","protected":false},"author":1,"featured_media":0,"parent":0,"menu_order":0,"comment_status":"closed","ping_status":"closed","template":"","meta":{"footnotes":""},"class_list":["post-1085","page","type-page","status-publish"],"yoast_head":"<!-- This site is optimized with the Yoast SEO plugin v26.8 - https:\/\/yoast.com\/product\/yoast-seo-wordpress\/ -->\n<title>Proceso de creaci\u00f3n de contenidos de salud | Sanalal\u00e1<\/title>\n<meta name=\"description\" content=\"En Sanalal\u00e1 nos dedicamos a la creaci\u00f3n de contenidos de salud basados en la evidencia y adaptados a diferentes formatos en funci\u00f3n del p\u00fablico objetivo.\" \/>\n<meta name=\"robots\" content=\"index, follow, max-snippet:-1, max-image-preview:large, max-video-preview:-1\" \/>\n<link rel=\"canonical\" href=\"https:\/\/www.sanalala.es\/en\/sanalala\/\" \/>\n<meta property=\"og:locale\" content=\"en_GB\" \/>\n<meta property=\"og:type\" content=\"article\" \/>\n<meta property=\"og:title\" content=\"Proceso de creaci\u00f3n de contenidos de salud | Sanalal\u00e1\" \/>\n<meta property=\"og:description\" content=\"En Sanalal\u00e1 nos dedicamos a la creaci\u00f3n de contenidos de salud basados en la evidencia y adaptados a diferentes formatos en funci\u00f3n del p\u00fablico objetivo.\" \/>\n<meta property=\"og:url\" content=\"https:\/\/www.sanalala.es\/en\/sanalala\/\" \/>\n<meta property=\"og:site_name\" content=\"Sanalal\u00e1\" \/>\n<meta property=\"article:publisher\" content=\"https:\/\/www.facebook.com\/Sanalal%c3%a1-2099847243626808\/?modal=admin_todo_tour\" \/>\n<meta property=\"article:modified_time\" content=\"2025-11-25T15:08:42+00:00\" \/>\n<meta property=\"og:image\" content=\"https:\/\/www.sanalala.es\/wp-content\/uploads\/contenidos-de-salud-2-compressor.png\" \/>\n\t<meta property=\"og:image:width\" content=\"741\" \/>\n\t<meta property=\"og:image:height\" content=\"967\" \/>\n\t<meta property=\"og:image:type\" content=\"image\/png\" \/>\n<meta name=\"twitter:card\" content=\"summary_large_image\" \/>\n<meta name=\"twitter:site\" content=\"@Sanalala5\" \/>\n<meta name=\"twitter:label1\" content=\"Estimated reading time\" \/>\n\t<meta name=\"twitter:data1\" content=\"2 minutes\" \/>\n<script type=\"application\/ld+json\" class=\"yoast-schema-graph\">{\"@context\":\"https:\/\/schema.org\",\"@graph\":[{\"@type\":\"WebPage\",\"@id\":\"https:\/\/www.sanalala.es\/sanalala\/\",\"url\":\"https:\/\/www.sanalala.es\/sanalala\/\",\"name\":\"Proceso de creaci\u00f3n de contenidos de salud | Sanalal\u00e1\",\"isPartOf\":{\"@id\":\"https:\/\/www.sanalala.es\/#website\"},\"primaryImageOfPage\":{\"@id\":\"https:\/\/www.sanalala.es\/sanalala\/#primaryimage\"},\"image\":{\"@id\":\"https:\/\/www.sanalala.es\/sanalala\/#primaryimage\"},\"thumbnailUrl\":\"https:\/\/www.sanalala.es\/wp-content\/uploads\/contenidos-de-salud-2-compressor.png\",\"datePublished\":\"2018-09-17T13:53:15+00:00\",\"dateModified\":\"2025-11-25T15:08:42+00:00\",\"description\":\"En Sanalal\u00e1 nos dedicamos a la creaci\u00f3n de contenidos de salud basados en la evidencia y adaptados a diferentes formatos en funci\u00f3n del p\u00fablico objetivo.\",\"breadcrumb\":{\"@id\":\"https:\/\/www.sanalala.es\/sanalala\/#breadcrumb\"},\"inLanguage\":\"en-GB\",\"potentialAction\":[{\"@type\":\"ReadAction\",\"target\":[\"https:\/\/www.sanalala.es\/sanalala\/\"]}]},{\"@type\":\"ImageObject\",\"inLanguage\":\"en-GB\",\"@id\":\"https:\/\/www.sanalala.es\/sanalala\/#primaryimage\",\"url\":\"https:\/\/www.sanalala.es\/wp-content\/uploads\/contenidos-de-salud-2-compressor.png\",\"contentUrl\":\"https:\/\/www.sanalala.es\/wp-content\/uploads\/contenidos-de-salud-2-compressor.png\"},{\"@type\":\"BreadcrumbList\",\"@id\":\"https:\/\/www.sanalala.es\/sanalala\/#breadcrumb\",\"itemListElement\":[{\"@type\":\"ListItem\",\"position\":1,\"name\":\"Contenidos de salud\",\"item\":\"https:\/\/www.sanalala.es\/\"},{\"@type\":\"ListItem\",\"position\":2,\"name\":\"Proceso de creaci\u00f3n de contenidos de salud\"}]},{\"@type\":\"WebSite\",\"@id\":\"https:\/\/www.sanalala.es\/#website\",\"url\":\"https:\/\/www.sanalala.es\/\",\"name\":\"Sanalal\u00e1\",\"description\":\"Contenidos con salud \",\"publisher\":{\"@id\":\"https:\/\/www.sanalala.es\/#organization\"},\"potentialAction\":[{\"@type\":\"SearchAction\",\"target\":{\"@type\":\"EntryPoint\",\"urlTemplate\":\"https:\/\/www.sanalala.es\/?s={search_term_string}\"},\"query-input\":{\"@type\":\"PropertyValueSpecification\",\"valueRequired\":true,\"valueName\":\"search_term_string\"}}],\"inLanguage\":\"en-GB\"},{\"@type\":\"Organization\",\"@id\":\"https:\/\/www.sanalala.es\/#organization\",\"name\":\"Sanalal\u00e1\",\"url\":\"https:\/\/www.sanalala.es\/\",\"logo\":{\"@type\":\"ImageObject\",\"inLanguage\":\"en-GB\",\"@id\":\"https:\/\/www.sanalala.es\/#\/schema\/logo\/image\/\",\"url\":\"https:\/\/www.sanalala.es\/wp-content\/uploads\/Logo-3D-doble.png\",\"contentUrl\":\"https:\/\/www.sanalala.es\/wp-content\/uploads\/Logo-3D-doble.png\",\"width\":1426,\"height\":750,\"caption\":\"Sanalal\u00e1\"},\"image\":{\"@id\":\"https:\/\/www.sanalala.es\/#\/schema\/logo\/image\/\"},\"sameAs\":[\"https:\/\/www.facebook.com\/Sanalal\u00e1-2099847243626808\/?modal=admin_todo_tour\",\"https:\/\/x.com\/Sanalala5\",\"https:\/\/www.pinterest.es\/sanalalasalud\/\"]}]}<\/script>\n<!-- \/ Yoast SEO plugin. -->","yoast_head_json":{"title":"Proceso de creaci\u00f3n de contenidos de salud | Sanalal\u00e1","description":"En Sanalal\u00e1 nos dedicamos a la creaci\u00f3n de contenidos de salud basados en la evidencia y adaptados a diferentes formatos en funci\u00f3n del p\u00fablico objetivo.","robots":{"index":"index","follow":"follow","max-snippet":"max-snippet:-1","max-image-preview":"max-image-preview:large","max-video-preview":"max-video-preview:-1"},"canonical":"https:\/\/www.sanalala.es\/en\/sanalala\/","og_locale":"en_GB","og_type":"article","og_title":"Proceso de creaci\u00f3n de contenidos de salud | Sanalal\u00e1","og_description":"En Sanalal\u00e1 nos dedicamos a la creaci\u00f3n de contenidos de salud basados en la evidencia y adaptados a diferentes formatos en funci\u00f3n del p\u00fablico objetivo.","og_url":"https:\/\/www.sanalala.es\/en\/sanalala\/","og_site_name":"Sanalal\u00e1","article_publisher":"https:\/\/www.facebook.com\/Sanalal%c3%a1-2099847243626808\/?modal=admin_todo_tour","article_modified_time":"2025-11-25T15:08:42+00:00","og_image":[{"width":741,"height":967,"url":"https:\/\/www.sanalala.es\/wp-content\/uploads\/contenidos-de-salud-2-compressor.png","type":"image\/png"}],"twitter_card":"summary_large_image","twitter_site":"@Sanalala5","twitter_misc":{"Estimated reading time":"2 minutes"},"schema":{"@context":"https:\/\/schema.org","@graph":[{"@type":"WebPage","@id":"https:\/\/www.sanalala.es\/sanalala\/","url":"https:\/\/www.sanalala.es\/sanalala\/","name":"Proceso de creaci\u00f3n de contenidos de salud | Sanalal\u00e1","isPartOf":{"@id":"https:\/\/www.sanalala.es\/#website"},"primaryImageOfPage":{"@id":"https:\/\/www.sanalala.es\/sanalala\/#primaryimage"},"image":{"@id":"https:\/\/www.sanalala.es\/sanalala\/#primaryimage"},"thumbnailUrl":"https:\/\/www.sanalala.es\/wp-content\/uploads\/contenidos-de-salud-2-compressor.png","datePublished":"2018-09-17T13:53:15+00:00","dateModified":"2025-11-25T15:08:42+00:00","description":"En Sanalal\u00e1 nos dedicamos a la creaci\u00f3n de contenidos de salud basados en la evidencia y adaptados a diferentes formatos en funci\u00f3n del p\u00fablico objetivo.","breadcrumb":{"@id":"https:\/\/www.sanalala.es\/sanalala\/#breadcrumb"},"inLanguage":"en-GB","potentialAction":[{"@type":"ReadAction","target":["https:\/\/www.sanalala.es\/sanalala\/"]}]},{"@type":"ImageObject","inLanguage":"en-GB","@id":"https:\/\/www.sanalala.es\/sanalala\/#primaryimage","url":"https:\/\/www.sanalala.es\/wp-content\/uploads\/contenidos-de-salud-2-compressor.png","contentUrl":"https:\/\/www.sanalala.es\/wp-content\/uploads\/contenidos-de-salud-2-compressor.png"},{"@type":"BreadcrumbList","@id":"https:\/\/www.sanalala.es\/sanalala\/#breadcrumb","itemListElement":[{"@type":"ListItem","position":1,"name":"Contenidos de salud","item":"https:\/\/www.sanalala.es\/"},{"@type":"ListItem","position":2,"name":"Proceso de creaci\u00f3n de contenidos de salud"}]},{"@type":"WebSite","@id":"https:\/\/www.sanalala.es\/#website","url":"https:\/\/www.sanalala.es\/","name":"Sanalala","description":"Contenidos con salud","publisher":{"@id":"https:\/\/www.sanalala.es\/#organization"},"potentialAction":[{"@type":"SearchAction","target":{"@type":"EntryPoint","urlTemplate":"https:\/\/www.sanalala.es\/?s={search_term_string}"},"query-input":{"@type":"PropertyValueSpecification","valueRequired":true,"valueName":"search_term_string"}}],"inLanguage":"en-GB"},{"@type":"Organization","@id":"https:\/\/www.sanalala.es\/#organization","name":"Sanalala","url":"https:\/\/www.sanalala.es\/","logo":{"@type":"ImageObject","inLanguage":"en-GB","@id":"https:\/\/www.sanalala.es\/#\/schema\/logo\/image\/","url":"https:\/\/www.sanalala.es\/wp-content\/uploads\/Logo-3D-doble.png","contentUrl":"https:\/\/www.sanalala.es\/wp-content\/uploads\/Logo-3D-doble.png","width":1426,"height":750,"caption":"Sanalal\u00e1"},"image":{"@id":"https:\/\/www.sanalala.es\/#\/schema\/logo\/image\/"},"sameAs":["https:\/\/www.facebook.com\/Sanalal\u00e1-2099847243626808\/?modal=admin_todo_tour","https:\/\/x.com\/Sanalala5","https:\/\/www.pinterest.es\/sanalalasalud\/"]}]}},"amp_enabled":true,"_links":{"self":[{"href":"https:\/\/www.sanalala.es\/en\/wp-json\/wp\/v2\/pages\/1085","targetHints":{"allow":["GET"]}}],"collection":[{"href":"https:\/\/www.sanalala.es\/en\/wp-json\/wp\/v2\/pages"}],"about":[{"href":"https:\/\/www.sanalala.es\/en\/wp-json\/wp\/v2\/types\/page"}],"author":[{"embeddable":true,"href":"https:\/\/www.sanalala.es\/en\/wp-json\/wp\/v2\/users\/1"}],"replies":[{"embeddable":true,"href":"https:\/\/www.sanalala.es\/en\/wp-json\/wp\/v2\/comments?post=1085"}],"version-history":[{"count":1,"href":"https:\/\/www.sanalala.es\/en\/wp-json\/wp\/v2\/pages\/1085\/revisions"}],"predecessor-version":[{"id":4569,"href":"https:\/\/www.sanalala.es\/en\/wp-json\/wp\/v2\/pages\/1085\/revisions\/4569"}],"wp:attachment":[{"href":"https:\/\/www.sanalala.es\/en\/wp-json\/wp\/v2\/media?parent=1085"}],"curies":[{"name":"wp","href":"https:\/\/api.w.org\/{rel}","templated":true}]}}